{"id":1029,"date":"2023-02-10T15:02:32","date_gmt":"2023-02-10T15:02:32","guid":{"rendered":"https:\/\/www.lisbonfivestars.pt\/?page_id=1029"},"modified":"2023-04-26T12:49:35","modified_gmt":"2023-04-26T12:49:35","slug":"invertir-en-portugal","status":"publish","type":"page","link":"https:\/\/www.lisbonfivestars.pt\/es\/invertir-en-portugal\/","title":{"rendered":"Invertir en Portugal"},"content":{"rendered":"<p>Considerado uno de los mejores pa\u00edses europeos para vivir, estudiar y trabajar, Portugal tiene orgullo de tener un clima \u00f3ptimo, una gastronom\u00eda fant\u00e1stica y elevados est\u00e1ndares de salud, seguridad y educaci\u00f3n. Est\u00e1 lleno de innovaci\u00f3n y esp\u00edritu empresarial, cuenta con un paisaje cultural vibrante y lo mejor de varios mundos a cortas distancias: ciudades contempor\u00e1neas, paisajes rurales con encanto, playas bonitas y monta\u00f1as maravillosas.<\/p>\n<p>Este es tambi\u00e9n un destino atractivo para excelentes inversiones inmobiliarias, y los edificios Five Stars abren sus puertas con orgullo para recibirle calurosamente en Lisboa u Oporto. En los cascos hist\u00f3ricos de ambas ciudades encontrar\u00e1 propiedades de excelencia que han sido reconstruidas y renovadas con la mejor calidad y excepcional dise\u00f1o de interiores. Sumergidos en la tradici\u00f3n y la historia, estos apartamentos han sido creados para un estilo de vida moderno y emocionante, para inspirar y vivir nuevas historias. Las suyas.<\/p>\n<p>Bienvenido a su casa exclusiva en Portugal.<\/p>\n","protected":false},"excerpt":{"rendered":"<p>Considerado uno de los mejores pa\u00edses europeos para vivir, estudiar y trabajar, Portugal tiene orgullo de tener un clima \u00f3ptimo, una gastronom\u00eda fant\u00e1stica y elevados est\u00e1ndares de salud, seguridad y educaci\u00f3n. Est\u00e1 lleno de innovaci\u00f3n y esp\u00edritu empresarial, cuenta con un paisaje cultural vibrante y lo mejor de varios mundos a cortas distancias: ciudades contempor\u00e1neas, [&hellip;]<\/p>\n","protected":false},"author":36,"featured_media":0,"parent":0,"menu_order":50,"comment_status":"closed","ping_status":"closed","template":"","meta":{"footnotes":""},"class_list":["post-1029","page","type-page","status-publish","hentry"],"yoast_head":"<!-- This site is optimized with the Yoast SEO plugin v26.9 - https:\/\/yoast.com\/product\/yoast-seo-wordpress\/ -->\n<title>Five Stars | Comprar un apartamento premium<\/title>\n<meta name=\"description\" content=\"\u00bfLe interesa comprar un apartamento en Lisboa u Oporto? Five Stars tiene propiedades premium, todas renovadas con los m\u00e1s elevados est\u00e1ndares de calidad.\" \/>\n<meta name=\"robots\" content=\"index, follow, max-snippet:-1, max-image-preview:large, max-video-preview:-1\" \/>\n<link rel=\"canonical\" href=\"https:\/\/www.lisbonfivestars.pt\/es\/invertir-en-portugal\/\" \/>\n<meta property=\"og:locale\" content=\"es_ES\" \/>\n<meta property=\"og:type\" content=\"article\" \/>\n<meta property=\"og:title\" content=\"Five Stars | Comprar un apartamento premium\" \/>\n<meta property=\"og:description\" content=\"\u00bfLe interesa comprar un apartamento en Lisboa u Oporto? Five Stars tiene propiedades premium, todas renovadas con los m\u00e1s elevados est\u00e1ndares de calidad.\" \/>\n<meta property=\"og:url\" content=\"https:\/\/www.lisbonfivestars.pt\/es\/invertir-en-portugal\/\" \/>\n<meta property=\"og:site_name\" content=\"Lisbon Five Stars\" \/>\n<meta property=\"article:modified_time\" content=\"2023-04-26T12:49:35+00:00\" \/>\n<meta property=\"og:image\" content=\"https:\/\/www.lisbonfivestars.pt\/wp-content\/uploads\/sites\/518\/2023\/02\/Lisbon_Five_stars_baixa_gardens_slide.jpg\" \/>\n\t<meta property=\"og:image:width\" content=\"2200\" \/>\n\t<meta property=\"og:image:height\" content=\"1200\" \/>\n\t<meta property=\"og:image:type\" content=\"image\/jpeg\" \/>\n<meta name=\"twitter:card\" content=\"summary_large_image\" \/>\n<meta name=\"twitter:label1\" content=\"Tiempo de lectura\" \/>\n\t<meta name=\"twitter:data1\" content=\"1 minuto\" \/>\n<script type=\"application\/ld+json\" class=\"yoast-schema-graph\">{\"@context\":\"https:\/\/schema.org\",\"@graph\":[{\"@type\":\"WebPage\",\"@id\":\"https:\/\/www.lisbonfivestars.pt\/es\/invertir-en-portugal\/\",\"url\":\"https:\/\/www.lisbonfivestars.pt\/es\/invertir-en-portugal\/\",\"name\":\"Five Stars | Comprar un apartamento premium\",\"isPartOf\":{\"@id\":\"https:\/\/www.lisbonfivestars.pt\/es\/#website\"},\"datePublished\":\"2023-02-10T15:02:32+00:00\",\"dateModified\":\"2023-04-26T12:49:35+00:00\",\"description\":\"\u00bfLe interesa comprar un apartamento en Lisboa u Oporto? Five Stars tiene propiedades premium, todas renovadas con los m\u00e1s elevados est\u00e1ndares de calidad.\",\"breadcrumb\":{\"@id\":\"https:\/\/www.lisbonfivestars.pt\/es\/invertir-en-portugal\/#breadcrumb\"},\"inLanguage\":\"es\",\"potentialAction\":[{\"@type\":\"ReadAction\",\"target\":[\"https:\/\/www.lisbonfivestars.pt\/es\/invertir-en-portugal\/\"]}]},{\"@type\":\"BreadcrumbList\",\"@id\":\"https:\/\/www.lisbonfivestars.pt\/es\/invertir-en-portugal\/#breadcrumb\",\"itemListElement\":[{\"@type\":\"ListItem\",\"position\":1,\"name\":\"Home\",\"item\":\"https:\/\/www.lisbonfivestars.pt\/es\/\"},{\"@type\":\"ListItem\",\"position\":2,\"name\":\"Invertir en Portugal\"}]},{\"@type\":\"WebSite\",\"@id\":\"https:\/\/www.lisbonfivestars.pt\/es\/#website\",\"url\":\"https:\/\/www.lisbonfivestars.pt\/es\/\",\"name\":\"Lisbon Five Stars\",\"description\":\"\",\"potentialAction\":[{\"@type\":\"SearchAction\",\"target\":{\"@type\":\"EntryPoint\",\"urlTemplate\":\"https:\/\/www.lisbonfivestars.pt\/es\/?s={search_term_string}\"},\"query-input\":{\"@type\":\"PropertyValueSpecification\",\"valueRequired\":true,\"valueName\":\"search_term_string\"}}],\"inLanguage\":\"es\"}]}<\/script>\n<!-- \/ Yoast SEO plugin. -->","yoast_head_json":{"title":"Five Stars | Comprar un apartamento premium","description":"\u00bfLe interesa comprar un apartamento en Lisboa u Oporto? Five Stars tiene propiedades premium, todas renovadas con los m\u00e1s elevados est\u00e1ndares de calidad.","robots":{"index":"index","follow":"follow","max-snippet":"max-snippet:-1","max-image-preview":"max-image-preview:large","max-video-preview":"max-video-preview:-1"},"canonical":"https:\/\/www.lisbonfivestars.pt\/es\/invertir-en-portugal\/","og_locale":"es_ES","og_type":"article","og_title":"Five Stars | Comprar un apartamento premium","og_description":"\u00bfLe interesa comprar un apartamento en Lisboa u Oporto? Five Stars tiene propiedades premium, todas renovadas con los m\u00e1s elevados est\u00e1ndares de calidad.","og_url":"https:\/\/www.lisbonfivestars.pt\/es\/invertir-en-portugal\/","og_site_name":"Lisbon Five Stars","article_modified_time":"2023-04-26T12:49:35+00:00","og_image":[{"width":2200,"height":1200,"url":"https:\/\/www.lisbonfivestars.pt\/wp-content\/uploads\/sites\/518\/2023\/02\/Lisbon_Five_stars_baixa_gardens_slide.jpg","type":"image\/jpeg"}],"twitter_card":"summary_large_image","twitter_misc":{"Tiempo de lectura":"1 minuto"},"schema":{"@context":"https:\/\/schema.org","@graph":[{"@type":"WebPage","@id":"https:\/\/www.lisbonfivestars.pt\/es\/invertir-en-portugal\/","url":"https:\/\/www.lisbonfivestars.pt\/es\/invertir-en-portugal\/","name":"Five Stars | Comprar un apartamento premium","isPartOf":{"@id":"https:\/\/www.lisbonfivestars.pt\/es\/#website"},"datePublished":"2023-02-10T15:02:32+00:00","dateModified":"2023-04-26T12:49:35+00:00","description":"\u00bfLe interesa comprar un apartamento en Lisboa u Oporto? Five Stars tiene propiedades premium, todas renovadas con los m\u00e1s elevados est\u00e1ndares de calidad.","breadcrumb":{"@id":"https:\/\/www.lisbonfivestars.pt\/es\/invertir-en-portugal\/#breadcrumb"},"inLanguage":"es","potentialAction":[{"@type":"ReadAction","target":["https:\/\/www.lisbonfivestars.pt\/es\/invertir-en-portugal\/"]}]},{"@type":"BreadcrumbList","@id":"https:\/\/www.lisbonfivestars.pt\/es\/invertir-en-portugal\/#breadcrumb","itemListElement":[{"@type":"ListItem","position":1,"name":"Home","item":"https:\/\/www.lisbonfivestars.pt\/es\/"},{"@type":"ListItem","position":2,"name":"Invertir en Portugal"}]},{"@type":"WebSite","@id":"https:\/\/www.lisbonfivestars.pt\/es\/#website","url":"https:\/\/www.lisbonfivestars.pt\/es\/","name":"Lisbon Five Stars","description":"","potentialAction":[{"@type":"SearchAction","target":{"@type":"EntryPoint","urlTemplate":"https:\/\/www.lisbonfivestars.pt\/es\/?s={search_term_string}"},"query-input":{"@type":"PropertyValueSpecification","valueRequired":true,"valueName":"search_term_string"}}],"inLanguage":"es"}]}},"acf":[],"_links":{"self":[{"href":"https:\/\/www.lisbonfivestars.pt\/es\/wp-json\/wp\/v2\/pages\/1029","targetHints":{"allow":["GET"]}}],"collection":[{"href":"https:\/\/www.lisbonfivestars.pt\/es\/wp-json\/wp\/v2\/pages"}],"about":[{"href":"https:\/\/www.lisbonfivestars.pt\/es\/wp-json\/wp\/v2\/types\/page"}],"author":[{"embeddable":true,"href":"https:\/\/www.lisbonfivestars.pt\/es\/wp-json\/wp\/v2\/users\/36"}],"replies":[{"embeddable":true,"href":"https:\/\/www.lisbonfivestars.pt\/es\/wp-json\/wp\/v2\/comments?post=1029"}],"version-history":[{"count":0,"href":"https:\/\/www.lisbonfivestars.pt\/es\/wp-json\/wp\/v2\/pages\/1029\/revisions"}],"wp:attachment":[{"href":"https:\/\/www.lisbonfivestars.pt\/es\/wp-json\/wp\/v2\/media?parent=1029"}],"curies":[{"name":"wp","href":"https:\/\/api.w.org\/{rel}","templated":true}]}}