{"id":1043,"date":"2023-02-07T15:48:05","date_gmt":"2023-02-07T15:48:05","guid":{"rendered":"https:\/\/www.lisbonfivestars.pt\/lovely-lisbon\/"},"modified":"2023-05-03T08:28:12","modified_gmt":"2023-05-03T08:28:12","slug":"lisboa-bonita","status":"publish","type":"page","link":"https:\/\/www.lisbonfivestars.pt\/es\/lisboa-bonita\/","title":{"rendered":"Lisboa bonita"},"content":{"rendered":"<p>Lisboa es amor a primera vista. La culpa es de la hora dorada que dura todo el d\u00eda o del clima incre\u00edble que se siente todo el a\u00f1o, de su calzada portuguesa genuina, de los funiculares con encanto y de su gente hospitalaria, de la cercan\u00eda al Tajo, de las playas y jardines deslumbrantes, de la arquitectura leyendaria, de los miradores impresionantes y de la vitalidad con la que une la historia y la modernidad.<\/p>\n<p>La verdad es que nadie tiene la culpa de que existan tantas maneras incre\u00edbles no solo de descubrir Lisboa, sino tambi\u00e9n de tener experiencias en toda su gloria, sea la comida, cultura, costumbres antiguos o nuevos.<\/p>\n<p>Vivir Lisboa totalmente significa saborear cada aventura que la ciudad le presenta, creando memorias incre\u00edbles a cada paso. Esta capital europea est\u00e1 lista para robarle el coraz\u00f3n.<\/p>\n","protected":false},"excerpt":{"rendered":"<p>Lisboa es amor a primera vista. La culpa es de la hora dorada que dura todo el d\u00eda o del clima incre\u00edble que se siente todo el a\u00f1o, de su calzada portuguesa genuina, de los funiculares con encanto y de su gente hospitalaria, de la cercan\u00eda al Tajo, de las playas y jardines deslumbrantes, de [&hellip;]<\/p>\n","protected":false},"author":36,"featured_media":0,"parent":0,"menu_order":20,"comment_status":"closed","ping_status":"closed","template":"template-lisbon-destination.php","meta":{"footnotes":""},"class_list":["post-1043","page","type-page","status-publish","hentry"],"yoast_head":"<!-- This site is optimized with the Yoast SEO plugin v26.9 - https:\/\/yoast.com\/product\/yoast-seo-wordpress\/ -->\n<title>Five Stars | Welcome to Lisbon<\/title>\n<meta name=\"description\" content=\"Five Stars y una Lisboa luminosa le dan la bienvenida a nuestros maravillosos apartamentos y a una ciudad llena de cosas bonitas que ver y hacer.\" \/>\n<meta name=\"robots\" content=\"index, follow, max-snippet:-1, max-image-preview:large, max-video-preview:-1\" \/>\n<link rel=\"canonical\" href=\"https:\/\/www.lisbonfivestars.pt\/es\/lisboa-bonita\/\" \/>\n<meta property=\"og:locale\" content=\"es_ES\" \/>\n<meta property=\"og:type\" content=\"article\" \/>\n<meta property=\"og:title\" content=\"Five Stars | Welcome to Lisbon\" \/>\n<meta property=\"og:description\" content=\"Five Stars y una Lisboa luminosa le dan la bienvenida a nuestros maravillosos apartamentos y a una ciudad llena de cosas bonitas que ver y hacer.\" \/>\n<meta property=\"og:url\" content=\"https:\/\/www.lisbonfivestars.pt\/es\/lisboa-bonita\/\" \/>\n<meta property=\"og:site_name\" content=\"Lisbon Five Stars\" \/>\n<meta property=\"article:modified_time\" content=\"2023-05-03T08:28:12+00:00\" \/>\n<meta property=\"og:image\" content=\"https:\/\/www.lisbonfivestars.pt\/wp-content\/uploads\/sites\/518\/2023\/02\/Lisbon_Five_stars_baixa_gardens_slide.jpg\" \/>\n\t<meta property=\"og:image:width\" content=\"2200\" \/>\n\t<meta property=\"og:image:height\" content=\"1200\" \/>\n\t<meta property=\"og:image:type\" content=\"image\/jpeg\" \/>\n<meta name=\"twitter:card\" content=\"summary_large_image\" \/>\n<meta name=\"twitter:label1\" content=\"Tiempo de lectura\" \/>\n\t<meta name=\"twitter:data1\" content=\"1 minuto\" \/>\n<script type=\"application\/ld+json\" class=\"yoast-schema-graph\">{\"@context\":\"https:\/\/schema.org\",\"@graph\":[{\"@type\":\"WebPage\",\"@id\":\"https:\/\/www.lisbonfivestars.pt\/es\/lisboa-bonita\/\",\"url\":\"https:\/\/www.lisbonfivestars.pt\/es\/lisboa-bonita\/\",\"name\":\"Five Stars | Welcome to Lisbon\",\"isPartOf\":{\"@id\":\"https:\/\/www.lisbonfivestars.pt\/es\/#website\"},\"datePublished\":\"2023-02-07T15:48:05+00:00\",\"dateModified\":\"2023-05-03T08:28:12+00:00\",\"description\":\"Five Stars y una Lisboa luminosa le dan la bienvenida a nuestros maravillosos apartamentos y a una ciudad llena de cosas bonitas que ver y hacer.\",\"breadcrumb\":{\"@id\":\"https:\/\/www.lisbonfivestars.pt\/es\/lisboa-bonita\/#breadcrumb\"},\"inLanguage\":\"es\",\"potentialAction\":[{\"@type\":\"ReadAction\",\"target\":[\"https:\/\/www.lisbonfivestars.pt\/es\/lisboa-bonita\/\"]}]},{\"@type\":\"BreadcrumbList\",\"@id\":\"https:\/\/www.lisbonfivestars.pt\/es\/lisboa-bonita\/#breadcrumb\",\"itemListElement\":[{\"@type\":\"ListItem\",\"position\":1,\"name\":\"Home\",\"item\":\"https:\/\/www.lisbonfivestars.pt\/es\/\"},{\"@type\":\"ListItem\",\"position\":2,\"name\":\"Lisboa bonita\"}]},{\"@type\":\"WebSite\",\"@id\":\"https:\/\/www.lisbonfivestars.pt\/es\/#website\",\"url\":\"https:\/\/www.lisbonfivestars.pt\/es\/\",\"name\":\"Lisbon Five Stars\",\"description\":\"\",\"potentialAction\":[{\"@type\":\"SearchAction\",\"target\":{\"@type\":\"EntryPoint\",\"urlTemplate\":\"https:\/\/www.lisbonfivestars.pt\/es\/?s={search_term_string}\"},\"query-input\":{\"@type\":\"PropertyValueSpecification\",\"valueRequired\":true,\"valueName\":\"search_term_string\"}}],\"inLanguage\":\"es\"}]}<\/script>\n<!-- \/ Yoast SEO plugin. -->","yoast_head_json":{"title":"Five Stars | Welcome to Lisbon","description":"Five Stars y una Lisboa luminosa le dan la bienvenida a nuestros maravillosos apartamentos y a una ciudad llena de cosas bonitas que ver y hacer.","robots":{"index":"index","follow":"follow","max-snippet":"max-snippet:-1","max-image-preview":"max-image-preview:large","max-video-preview":"max-video-preview:-1"},"canonical":"https:\/\/www.lisbonfivestars.pt\/es\/lisboa-bonita\/","og_locale":"es_ES","og_type":"article","og_title":"Five Stars | Welcome to Lisbon","og_description":"Five Stars y una Lisboa luminosa le dan la bienvenida a nuestros maravillosos apartamentos y a una ciudad llena de cosas bonitas que ver y hacer.","og_url":"https:\/\/www.lisbonfivestars.pt\/es\/lisboa-bonita\/","og_site_name":"Lisbon Five Stars","article_modified_time":"2023-05-03T08:28:12+00:00","og_image":[{"width":2200,"height":1200,"url":"https:\/\/www.lisbonfivestars.pt\/wp-content\/uploads\/sites\/518\/2023\/02\/Lisbon_Five_stars_baixa_gardens_slide.jpg","type":"image\/jpeg"}],"twitter_card":"summary_large_image","twitter_misc":{"Tiempo de lectura":"1 minuto"},"schema":{"@context":"https:\/\/schema.org","@graph":[{"@type":"WebPage","@id":"https:\/\/www.lisbonfivestars.pt\/es\/lisboa-bonita\/","url":"https:\/\/www.lisbonfivestars.pt\/es\/lisboa-bonita\/","name":"Five Stars | Welcome to Lisbon","isPartOf":{"@id":"https:\/\/www.lisbonfivestars.pt\/es\/#website"},"datePublished":"2023-02-07T15:48:05+00:00","dateModified":"2023-05-03T08:28:12+00:00","description":"Five Stars y una Lisboa luminosa le dan la bienvenida a nuestros maravillosos apartamentos y a una ciudad llena de cosas bonitas que ver y hacer.","breadcrumb":{"@id":"https:\/\/www.lisbonfivestars.pt\/es\/lisboa-bonita\/#breadcrumb"},"inLanguage":"es","potentialAction":[{"@type":"ReadAction","target":["https:\/\/www.lisbonfivestars.pt\/es\/lisboa-bonita\/"]}]},{"@type":"BreadcrumbList","@id":"https:\/\/www.lisbonfivestars.pt\/es\/lisboa-bonita\/#breadcrumb","itemListElement":[{"@type":"ListItem","position":1,"name":"Home","item":"https:\/\/www.lisbonfivestars.pt\/es\/"},{"@type":"ListItem","position":2,"name":"Lisboa bonita"}]},{"@type":"WebSite","@id":"https:\/\/www.lisbonfivestars.pt\/es\/#website","url":"https:\/\/www.lisbonfivestars.pt\/es\/","name":"Lisbon Five Stars","description":"","potentialAction":[{"@type":"SearchAction","target":{"@type":"EntryPoint","urlTemplate":"https:\/\/www.lisbonfivestars.pt\/es\/?s={search_term_string}"},"query-input":{"@type":"PropertyValueSpecification","valueRequired":true,"valueName":"search_term_string"}}],"inLanguage":"es"}]}},"acf":[],"_links":{"self":[{"href":"https:\/\/www.lisbonfivestars.pt\/es\/wp-json\/wp\/v2\/pages\/1043","targetHints":{"allow":["GET"]}}],"collection":[{"href":"https:\/\/www.lisbonfivestars.pt\/es\/wp-json\/wp\/v2\/pages"}],"about":[{"href":"https:\/\/www.lisbonfivestars.pt\/es\/wp-json\/wp\/v2\/types\/page"}],"author":[{"embeddable":true,"href":"https:\/\/www.lisbonfivestars.pt\/es\/wp-json\/wp\/v2\/users\/36"}],"replies":[{"embeddable":true,"href":"https:\/\/www.lisbonfivestars.pt\/es\/wp-json\/wp\/v2\/comments?post=1043"}],"version-history":[{"count":0,"href":"https:\/\/www.lisbonfivestars.pt\/es\/wp-json\/wp\/v2\/pages\/1043\/revisions"}],"wp:attachment":[{"href":"https:\/\/www.lisbonfivestars.pt\/es\/wp-json\/wp\/v2\/media?parent=1043"}],"curies":[{"name":"wp","href":"https:\/\/api.w.org\/{rel}","templated":true}]}}