{"id":1185,"date":"2025-05-28T14:14:06","date_gmt":"2025-05-28T14:14:06","guid":{"rendered":"https:\/\/www.lisbonfivestars.pt\/?page_id=1185"},"modified":"2025-05-28T14:16:38","modified_gmt":"2025-05-28T14:16:38","slug":"opinion-del-cliente","status":"publish","type":"page","link":"https:\/\/www.lisbonfivestars.pt\/es\/opinion-del-cliente\/","title":{"rendered":"Opini\u00f3n del cliente"},"content":{"rendered":"<p><strong>Gracias por elegir Lisboa Cinco Estrellas en su reciente visita a Lisboa.<\/strong><br \/>\n<strong>Sus comentarios son muy importantes para nosotros, por favor h\u00e1ganos saber c\u00f3mo fue su experiencia.<\/strong><\/p>\n\n                <div class='gf_browser_gecko gform_wrapper' id='gform_wrapper_9' ><div id='gf_9' class='gform_anchor' tabindex='-1'><\/div><form method='post' enctype='multipart\/form-data' target='gform_ajax_frame_9' id='gform_9'  action='\/es\/wp-json\/wp\/v2\/pages\/1185#gf_9'>\n                        <div class='gform_body'><ul id='gform_fields_9' class='gform_fields top_label form_sublabel_below description_below'><li id='field_9_1'  class='gfield field_sublabel_below field_description_below gfield_visibility_visible' ><label class='gfield_label' for='input_9_1' >Nombre<\/label><div class='ginput_container ginput_container_text'><input name='input_1' id='input_9_1' type='text' value='' class='medium'      aria-invalid=\"false\" \/><\/div><\/li><li id='field_9_2'  class='gfield field_sublabel_below field_description_below gfield_visibility_visible' ><label class='gfield_label' for='input_9_2' >E-mail<\/label><div class='ginput_container ginput_container_email'>\n                            <input name='input_2' id='input_9_2' type='text' value='' class='medium'     aria-invalid=\"false\" \/>\n                        <\/div><\/li><li id='field_9_3'  class='gfield field_sublabel_below field_description_below gfield_visibility_visible' ><label class='gfield_label' for='input_9_3' >Elige el apartamento en el que te alojaste:<\/label><div class='ginput_container ginput_container_select'><select name='input_3' id='input_9_3' class='medium gfield_select'    aria-invalid=\"false\"><option value='' selected='selected' class='gf_placeholder'>Seleccione su edificio<\/option><option value='8 Building' >8 Building<\/option><option value='Bica' >Bica<\/option><option value='Combro 77' >Combro 77<\/option><option value='Combro 7' >Combro 7<\/option><option value='S\u00e3o Juli\u00e3o 72' >S\u00e3o Juli\u00e3o 72<\/option><option value='S\u00e3o Paulo 55' >S\u00e3o Paulo 55<\/option><option value='Alcantara Lofts' >Alcantara Lofts<\/option><\/select><\/div><\/li><li id='field_9_6'  class='gfield field_sublabel_below field_description_below hidden_label gfield_visibility_visible' ><label class='gfield_label' for='input_9_6' >Star Rates<\/label><div class=\"ginput_container ginput_container_star_rating\"><div class=\"star-rating-wrapper\"><input type=\"radio\" name=\"input_6\" id=\"input_9_6_1\" value=\"1\"    \/><label for=\"input_9_6_1\" class=\"star-rating-star\" data-star-value=\"1\">&#9733;<\/label><input type=\"radio\" name=\"input_6\" id=\"input_9_6_2\" value=\"2\"    \/><label for=\"input_9_6_2\" class=\"star-rating-star\" data-star-value=\"2\">&#9733;<\/label><input type=\"radio\" name=\"input_6\" id=\"input_9_6_3\" value=\"3\"    \/><label for=\"input_9_6_3\" class=\"star-rating-star\" data-star-value=\"3\">&#9733;<\/label><input type=\"radio\" name=\"input_6\" id=\"input_9_6_4\" value=\"4\"    \/><label for=\"input_9_6_4\" class=\"star-rating-star\" data-star-value=\"4\">&#9733;<\/label><input type=\"radio\" name=\"input_6\" id=\"input_9_6_5\" value=\"5\"    \/><label for=\"input_9_6_5\" class=\"star-rating-star\" data-star-value=\"5\">&#9733;<\/label><\/div><\/div><\/li><li id='field_9_4'  class='gfield field_sublabel_below field_description_below gfield_visibility_visible' ><label class='gfield_label' for='input_9_4' >\u00bfQu\u00e9 tal su estancia? H\u00e1ganoslo saber<\/label><div class='ginput_container ginput_container_textarea'><textarea name='input_4' id='input_9_4' class='textarea medium'      aria-invalid=\"false\"   rows='10' cols='50'><\/textarea><\/div><\/li><li id='field_9_5'  class='gfield field_sublabel_below field_description_below gfield_visibility_visible' ><label class='gfield_label' for='input_9_5' ><\/label><div id='input_9_5' class='ginput_container ginput_recaptcha' data-sitekey='6Le6r1olAAAAAH39JDMO28Ca5hvj7okjYNLpgDsC'  data-theme='light' data-tabindex='-1' data-size='invisible' data-badge='bottomright'><\/div><\/li><li id='field_9_7'  class='gfield gform_validation_container field_sublabel_below field_description_below gfield_visibility_visible' ><label class='gfield_label' for='input_9_7' >Email<\/label><div class='ginput_container'><input name='input_7' id='input_9_7' type='text' value='' \/><\/div><div class='gfield_description' id='gfield_description_9_7'>This field is for validation purposes and should be left unchanged.<\/div><\/li>\n                            <\/ul><\/div>\n        <div class='gform_footer top_label'> <input type='submit' id='gform_submit_button_9' class='gform_button button' value='Enviar'  onclick='if(window[\"gf_submitting_9\"]){return false;}  window[\"gf_submitting_9\"]=true;  ' onkeypress='if( event.keyCode == 13 ){ if(window[\"gf_submitting_9\"]){return false;} window[\"gf_submitting_9\"]=true;  jQuery(\"#gform_9\").trigger(\"submit\",[true]); }' \/> <input type='hidden' name='gform_ajax' value='form_id=9&amp;title=&amp;description=&amp;tabindex=0' \/>\n            <input type='hidden' class='gform_hidden' name='is_submit_9' value='1' \/>\n            <input type='hidden' class='gform_hidden' name='gform_submit' value='9' \/>\n            \n            <input type='hidden' class='gform_hidden' name='gform_unique_id' value='' \/>\n            <input type='hidden' class='gform_hidden' name='state_9' value='WyJbXSIsIjMzYmYyMWNkYTJhNzA4YTM1YzdlNzFmY2RiNzcyYTQwIl0=' \/>\n            <input type='hidden' class='gform_hidden' name='gform_target_page_number_9' id='gform_target_page_number_9' value='0' \/>\n            <input type='hidden' class='gform_hidden' name='gform_source_page_number_9' id='gform_source_page_number_9' value='1' \/>\n            <input type='hidden' name='gform_field_values' value='' \/>\n            \n        <\/div>\n                        <\/form>\n                        <\/div>\n                <iframe style='display:none;width:0px;height:0px;' src='about:blank' name='gform_ajax_frame_9' id='gform_ajax_frame_9' title='This iframe contains the logic required to handle Ajax powered Gravity Forms.'><\/iframe>\n                <script type='text\/javascript'>jQuery(document).ready(function($){gformInitSpinner( 9, 'data:image\/gif;base64,R0lGODlhAQABAIAAAAAAAP\/\/\/yH5BAEAAAAALAAAAAABAAEAAAIBRAA7' );jQuery('#gform_ajax_frame_9').on('load',function(){var contents = jQuery(this).contents().find('*').html();var is_postback = contents.indexOf('GF_AJAX_POSTBACK') >= 0;if(!is_postback){return;}var form_content = jQuery(this).contents().find('#gform_wrapper_9');var is_confirmation = jQuery(this).contents().find('#gform_confirmation_wrapper_9').length > 0;var is_redirect = contents.indexOf('gformRedirect(){') >= 0;var is_form = form_content.length > 0 && ! is_redirect && ! is_confirmation;var mt = parseInt(jQuery('html').css('margin-top'), 10) + parseInt(jQuery('body').css('margin-top'), 10) + 100;if(is_form){jQuery('#gform_wrapper_9').html(form_content.html());if(form_content.hasClass('gform_validation_error')){jQuery('#gform_wrapper_9').addClass('gform_validation_error');} else {jQuery('#gform_wrapper_9').removeClass('gform_validation_error');}setTimeout( function() { \/* delay the scroll by 50 milliseconds to fix a bug in chrome *\/ jQuery(document).scrollTop(jQuery('#gform_wrapper_9').offset().top - mt); }, 50 );if(window['gformInitDatepicker']) {gformInitDatepicker();}if(window['gformInitPriceFields']) {gformInitPriceFields();}var current_page = jQuery('#gform_source_page_number_9').val();gformInitSpinner( 9, 'data:image\/gif;base64,R0lGODlhAQABAIAAAAAAAP\/\/\/yH5BAEAAAAALAAAAAABAAEAAAIBRAA7' );jQuery(document).trigger('gform_page_loaded', [9, current_page]);window['gf_submitting_9'] = false;}else if(!is_redirect){var confirmation_content = jQuery(this).contents().find('.GF_AJAX_POSTBACK').html();if(!confirmation_content){confirmation_content = contents;}setTimeout(function(){jQuery('#gform_wrapper_9').replaceWith(confirmation_content);jQuery(document).scrollTop(jQuery('#gf_9').offset().top - mt);jQuery(document).trigger('gform_confirmation_loaded', [9]);window['gf_submitting_9'] = false;}, 50);}else{jQuery('#gform_9').append(contents);if(window['gformRedirect']) {gformRedirect();}}jQuery(document).trigger('gform_post_render', [9, current_page]);} );} );<\/script><script type='text\/javascript'> jQuery(document).bind('gform_post_render', function(event, formId, currentPage){if(formId == 9) {if(typeof Placeholders != 'undefined'){\n                        Placeholders.enable();\n                    }} } );jQuery(document).bind('gform_post_conditional_logic', function(event, formId, fields, isInit){} );<\/script><script type='text\/javascript'> jQuery(document).ready(function(){jQuery(document).trigger('gform_post_render', [9, 1]) } ); <\/script>\n","protected":false},"excerpt":{"rendered":"<p>Gracias por elegir Lisboa Cinco Estrellas en su reciente visita a Lisboa. Sus comentarios son muy importantes para nosotros, por favor h\u00e1ganos saber c\u00f3mo fue su experiencia.<\/p>\n","protected":false},"author":36,"featured_media":0,"parent":0,"menu_order":0,"comment_status":"closed","ping_status":"closed","template":"","meta":{"footnotes":""},"class_list":["post-1185","page","type-page","status-publish","hentry"],"yoast_head":"<!-- This site is optimized with the Yoast SEO plugin v26.9 - https:\/\/yoast.com\/product\/yoast-seo-wordpress\/ -->\n<title>Opini\u00f3n del cliente - Lisbon Five Stars -<\/title>\n<meta name=\"description\" content=\"Gracias por elegir Lisboa Cinco Estrellas en su reciente visita a Lisboa. Sus comentarios son muy importantes para nosotros, por favor h\u00e1ganos saber c\u00f3mo fue su experiencia.  [gravityform id=&quot;9&quot; title=&quot;false&quot; description=&quot;false&quot; ajax=&quot;true&quot;].\" \/>\n<meta name=\"robots\" content=\"index, follow, max-snippet:-1, max-image-preview:large, max-video-preview:-1\" \/>\n<link rel=\"canonical\" href=\"https:\/\/www.lisbonfivestars.pt\/es\/opinion-del-cliente\/\" \/>\n<meta property=\"og:locale\" content=\"es_ES\" \/>\n<meta property=\"og:type\" content=\"article\" \/>\n<meta property=\"og:title\" content=\"Opini\u00f3n del cliente - Lisbon Five Stars -\" \/>\n<meta property=\"og:description\" content=\"Gracias por elegir Lisboa Cinco Estrellas en su reciente visita a Lisboa. Sus comentarios son muy importantes para nosotros, por favor h\u00e1ganos saber c\u00f3mo fue su experiencia.  [gravityform id=&quot;9&quot; title=&quot;false&quot; description=&quot;false&quot; ajax=&quot;true&quot;].\" \/>\n<meta property=\"og:url\" content=\"https:\/\/www.lisbonfivestars.pt\/es\/opinion-del-cliente\/\" \/>\n<meta property=\"og:site_name\" content=\"Lisbon Five Stars\" \/>\n<meta property=\"article:modified_time\" content=\"2025-05-28T14:16:38+00:00\" \/>\n<meta property=\"og:image\" content=\"https:\/\/www.lisbonfivestars.pt\/wp-content\/uploads\/sites\/518\/2023\/02\/Lisbon_Five_stars_baixa_gardens_slide.jpg\" \/>\n\t<meta property=\"og:image:width\" content=\"2200\" \/>\n\t<meta property=\"og:image:height\" content=\"1200\" \/>\n\t<meta property=\"og:image:type\" content=\"image\/jpeg\" \/>\n<meta name=\"twitter:card\" content=\"summary_large_image\" \/>\n<meta name=\"twitter:label1\" content=\"Tiempo de lectura\" \/>\n\t<meta name=\"twitter:data1\" content=\"1 minuto\" \/>\n<script type=\"application\/ld+json\" class=\"yoast-schema-graph\">{\"@context\":\"https:\/\/schema.org\",\"@graph\":[{\"@type\":\"WebPage\",\"@id\":\"https:\/\/www.lisbonfivestars.pt\/es\/opinion-del-cliente\/\",\"url\":\"https:\/\/www.lisbonfivestars.pt\/es\/opinion-del-cliente\/\",\"name\":\"Opini\u00f3n del cliente - Lisbon Five Stars -\",\"isPartOf\":{\"@id\":\"https:\/\/www.lisbonfivestars.pt\/es\/#website\"},\"datePublished\":\"2025-05-28T14:14:06+00:00\",\"dateModified\":\"2025-05-28T14:16:38+00:00\",\"description\":\"Gracias por elegir Lisboa Cinco Estrellas en su reciente visita a Lisboa. Sus comentarios son muy importantes para nosotros, por favor h\u00e1ganos saber c\u00f3mo fue su experiencia. [gravityform id=\\\"9\\\" title=\\\"false\\\" description=\\\"false\\\" ajax=\\\"true\\\"].\",\"breadcrumb\":{\"@id\":\"https:\/\/www.lisbonfivestars.pt\/es\/opinion-del-cliente\/#breadcrumb\"},\"inLanguage\":\"es\",\"potentialAction\":[{\"@type\":\"ReadAction\",\"target\":[\"https:\/\/www.lisbonfivestars.pt\/es\/opinion-del-cliente\/\"]}]},{\"@type\":\"BreadcrumbList\",\"@id\":\"https:\/\/www.lisbonfivestars.pt\/es\/opinion-del-cliente\/#breadcrumb\",\"itemListElement\":[{\"@type\":\"ListItem\",\"position\":1,\"name\":\"Home\",\"item\":\"https:\/\/www.lisbonfivestars.pt\/es\/\"},{\"@type\":\"ListItem\",\"position\":2,\"name\":\"Opini\u00f3n del cliente\"}]},{\"@type\":\"WebSite\",\"@id\":\"https:\/\/www.lisbonfivestars.pt\/es\/#website\",\"url\":\"https:\/\/www.lisbonfivestars.pt\/es\/\",\"name\":\"Lisbon Five Stars\",\"description\":\"\",\"potentialAction\":[{\"@type\":\"SearchAction\",\"target\":{\"@type\":\"EntryPoint\",\"urlTemplate\":\"https:\/\/www.lisbonfivestars.pt\/es\/?s={search_term_string}\"},\"query-input\":{\"@type\":\"PropertyValueSpecification\",\"valueRequired\":true,\"valueName\":\"search_term_string\"}}],\"inLanguage\":\"es\"}]}<\/script>\n<!-- \/ Yoast SEO plugin. -->","yoast_head_json":{"title":"Opini\u00f3n del cliente - Lisbon Five Stars -","description":"Gracias por elegir Lisboa Cinco Estrellas en su reciente visita a Lisboa. Sus comentarios son muy importantes para nosotros, por favor h\u00e1ganos saber c\u00f3mo fue su experiencia.  [gravityform id=\"9\" title=\"false\" description=\"false\" ajax=\"true\"].","robots":{"index":"index","follow":"follow","max-snippet":"max-snippet:-1","max-image-preview":"max-image-preview:large","max-video-preview":"max-video-preview:-1"},"canonical":"https:\/\/www.lisbonfivestars.pt\/es\/opinion-del-cliente\/","og_locale":"es_ES","og_type":"article","og_title":"Opini\u00f3n del cliente - Lisbon Five Stars -","og_description":"Gracias por elegir Lisboa Cinco Estrellas en su reciente visita a Lisboa. Sus comentarios son muy importantes para nosotros, por favor h\u00e1ganos saber c\u00f3mo fue su experiencia.  [gravityform id=\"9\" title=\"false\" description=\"false\" ajax=\"true\"].","og_url":"https:\/\/www.lisbonfivestars.pt\/es\/opinion-del-cliente\/","og_site_name":"Lisbon Five Stars","article_modified_time":"2025-05-28T14:16:38+00:00","og_image":[{"width":2200,"height":1200,"url":"https:\/\/www.lisbonfivestars.pt\/wp-content\/uploads\/sites\/518\/2023\/02\/Lisbon_Five_stars_baixa_gardens_slide.jpg","type":"image\/jpeg"}],"twitter_card":"summary_large_image","twitter_misc":{"Tiempo de lectura":"1 minuto"},"schema":{"@context":"https:\/\/schema.org","@graph":[{"@type":"WebPage","@id":"https:\/\/www.lisbonfivestars.pt\/es\/opinion-del-cliente\/","url":"https:\/\/www.lisbonfivestars.pt\/es\/opinion-del-cliente\/","name":"Opini\u00f3n del cliente - Lisbon Five Stars -","isPartOf":{"@id":"https:\/\/www.lisbonfivestars.pt\/es\/#website"},"datePublished":"2025-05-28T14:14:06+00:00","dateModified":"2025-05-28T14:16:38+00:00","description":"Gracias por elegir Lisboa Cinco Estrellas en su reciente visita a Lisboa. Sus comentarios son muy importantes para nosotros, por favor h\u00e1ganos saber c\u00f3mo fue su experiencia. [gravityform id=\"9\" title=\"false\" description=\"false\" ajax=\"true\"].","breadcrumb":{"@id":"https:\/\/www.lisbonfivestars.pt\/es\/opinion-del-cliente\/#breadcrumb"},"inLanguage":"es","potentialAction":[{"@type":"ReadAction","target":["https:\/\/www.lisbonfivestars.pt\/es\/opinion-del-cliente\/"]}]},{"@type":"BreadcrumbList","@id":"https:\/\/www.lisbonfivestars.pt\/es\/opinion-del-cliente\/#breadcrumb","itemListElement":[{"@type":"ListItem","position":1,"name":"Home","item":"https:\/\/www.lisbonfivestars.pt\/es\/"},{"@type":"ListItem","position":2,"name":"Opini\u00f3n del cliente"}]},{"@type":"WebSite","@id":"https:\/\/www.lisbonfivestars.pt\/es\/#website","url":"https:\/\/www.lisbonfivestars.pt\/es\/","name":"Lisbon Five Stars","description":"","potentialAction":[{"@type":"SearchAction","target":{"@type":"EntryPoint","urlTemplate":"https:\/\/www.lisbonfivestars.pt\/es\/?s={search_term_string}"},"query-input":{"@type":"PropertyValueSpecification","valueRequired":true,"valueName":"search_term_string"}}],"inLanguage":"es"}]}},"acf":[],"_links":{"self":[{"href":"https:\/\/www.lisbonfivestars.pt\/es\/wp-json\/wp\/v2\/pages\/1185","targetHints":{"allow":["GET"]}}],"collection":[{"href":"https:\/\/www.lisbonfivestars.pt\/es\/wp-json\/wp\/v2\/pages"}],"about":[{"href":"https:\/\/www.lisbonfivestars.pt\/es\/wp-json\/wp\/v2\/types\/page"}],"author":[{"embeddable":true,"href":"https:\/\/www.lisbonfivestars.pt\/es\/wp-json\/wp\/v2\/users\/36"}],"replies":[{"embeddable":true,"href":"https:\/\/www.lisbonfivestars.pt\/es\/wp-json\/wp\/v2\/comments?post=1185"}],"version-history":[{"count":0,"href":"https:\/\/www.lisbonfivestars.pt\/es\/wp-json\/wp\/v2\/pages\/1185\/revisions"}],"wp:attachment":[{"href":"https:\/\/www.lisbonfivestars.pt\/es\/wp-json\/wp\/v2\/media?parent=1185"}],"curies":[{"name":"wp","href":"https:\/\/api.w.org\/{rel}","templated":true}]}}