{"id":799,"date":"2023-04-17T14:11:29","date_gmt":"2023-04-17T14:11:29","guid":{"rendered":"https:\/\/www.lisbonfivestars.pt\/?page_id=799"},"modified":"2025-06-05T14:48:52","modified_gmt":"2025-06-05T14:48:52","slug":"sobre-nosotros","status":"publish","type":"page","link":"https:\/\/www.lisbonfivestars.pt\/es\/sobre-nosotros\/","title":{"rendered":"Sobre nosotros"},"content":{"rendered":"<p>Somos amantes de la arquitectura, del dise\u00f1o y de los interiores.<br \/>\nNos dedicamos a la creaci\u00f3n de espacios c\u00e1lidos.<br \/>\nTenemos buen ojo para los detalles, el estilo y la comodidad.<br \/>\nNos mueve la historia, la tradici\u00f3n y la cultura.<br \/>\nNos encanta crear experiencias con alma.<br \/>\nNos gusta mucho ayudar a crear recuerdos inolvidables.<\/p>\n<p>Nuestros edificios impecablemente restaurados con apartamentos intemporales y contempor\u00e1neos en el centro de Lisboa y Oporto son prueba de ello.<\/p>\n<p>La puerta est\u00e1 abierta, puede pasar.<\/p>\n","protected":false},"excerpt":{"rendered":"<p>Somos amantes de la arquitectura, del dise\u00f1o y de los interiores. Nos dedicamos a la creaci\u00f3n de espacios c\u00e1lidos. Tenemos buen ojo para los detalles, el estilo y la comodidad. Nos mueve la historia, la tradici\u00f3n y la cultura. Nos encanta crear experiencias con alma. Nos gusta mucho ayudar a crear recuerdos inolvidables. Nuestros edificios [&hellip;]<\/p>\n","protected":false},"author":36,"featured_media":0,"parent":0,"menu_order":5,"comment_status":"closed","ping_status":"closed","template":"","meta":{"footnotes":""},"class_list":["post-799","page","type-page","status-publish","hentry"],"yoast_head":"<!-- This site is optimized with the Yoast SEO plugin v26.9 - https:\/\/yoast.com\/product\/yoast-seo-wordpress\/ -->\n<title>Five Stars | Sobre nosotros<\/title>\n<meta name=\"description\" content=\"Five Stars tiene apartamentos intemporales y contempor\u00e1neos en edificios restaurados para estancias cortas o largas en el centro de Lisboa y de Oporto.\" \/>\n<meta name=\"robots\" content=\"index, follow, max-snippet:-1, max-image-preview:large, max-video-preview:-1\" \/>\n<link rel=\"canonical\" href=\"https:\/\/www.lisbonfivestars.pt\/es\/sobre-nosotros\/\" \/>\n<meta property=\"og:locale\" content=\"es_ES\" \/>\n<meta property=\"og:type\" content=\"article\" \/>\n<meta property=\"og:title\" content=\"Five Stars | Sobre nosotros\" \/>\n<meta property=\"og:description\" content=\"Five Stars tiene apartamentos intemporales y contempor\u00e1neos en edificios restaurados para estancias cortas o largas en el centro de Lisboa y de Oporto.\" \/>\n<meta property=\"og:url\" content=\"https:\/\/www.lisbonfivestars.pt\/es\/sobre-nosotros\/\" \/>\n<meta property=\"og:site_name\" content=\"Lisbon Five Stars\" \/>\n<meta property=\"article:modified_time\" content=\"2025-06-05T14:48:52+00:00\" \/>\n<meta property=\"og:image\" content=\"https:\/\/www.lisbonfivestars.pt\/wp-content\/uploads\/sites\/518\/2023\/02\/Lisbon_Five_stars_baixa_gardens_slide.jpg\" \/>\n\t<meta property=\"og:image:width\" content=\"2200\" \/>\n\t<meta property=\"og:image:height\" content=\"1200\" \/>\n\t<meta property=\"og:image:type\" content=\"image\/jpeg\" \/>\n<meta name=\"twitter:card\" content=\"summary_large_image\" \/>\n<meta name=\"twitter:label1\" content=\"Tiempo de lectura\" \/>\n\t<meta name=\"twitter:data1\" content=\"1 minuto\" \/>\n<script type=\"application\/ld+json\" class=\"yoast-schema-graph\">{\"@context\":\"https:\/\/schema.org\",\"@graph\":[{\"@type\":\"WebPage\",\"@id\":\"https:\/\/www.lisbonfivestars.pt\/es\/sobre-nosotros\/\",\"url\":\"https:\/\/www.lisbonfivestars.pt\/es\/sobre-nosotros\/\",\"name\":\"Five Stars | Sobre nosotros\",\"isPartOf\":{\"@id\":\"https:\/\/www.lisbonfivestars.pt\/es\/#website\"},\"datePublished\":\"2023-04-17T14:11:29+00:00\",\"dateModified\":\"2025-06-05T14:48:52+00:00\",\"description\":\"Five Stars tiene apartamentos intemporales y contempor\u00e1neos en edificios restaurados para estancias cortas o largas en el centro de Lisboa y de Oporto.\",\"breadcrumb\":{\"@id\":\"https:\/\/www.lisbonfivestars.pt\/es\/sobre-nosotros\/#breadcrumb\"},\"inLanguage\":\"es\",\"potentialAction\":[{\"@type\":\"ReadAction\",\"target\":[\"https:\/\/www.lisbonfivestars.pt\/es\/sobre-nosotros\/\"]}]},{\"@type\":\"BreadcrumbList\",\"@id\":\"https:\/\/www.lisbonfivestars.pt\/es\/sobre-nosotros\/#breadcrumb\",\"itemListElement\":[{\"@type\":\"ListItem\",\"position\":1,\"name\":\"Home\",\"item\":\"https:\/\/www.lisbonfivestars.pt\/es\/\"},{\"@type\":\"ListItem\",\"position\":2,\"name\":\"Sobre nosotros\"}]},{\"@type\":\"WebSite\",\"@id\":\"https:\/\/www.lisbonfivestars.pt\/es\/#website\",\"url\":\"https:\/\/www.lisbonfivestars.pt\/es\/\",\"name\":\"Lisbon Five Stars\",\"description\":\"\",\"potentialAction\":[{\"@type\":\"SearchAction\",\"target\":{\"@type\":\"EntryPoint\",\"urlTemplate\":\"https:\/\/www.lisbonfivestars.pt\/es\/?s={search_term_string}\"},\"query-input\":{\"@type\":\"PropertyValueSpecification\",\"valueRequired\":true,\"valueName\":\"search_term_string\"}}],\"inLanguage\":\"es\"}]}<\/script>\n<!-- \/ Yoast SEO plugin. -->","yoast_head_json":{"title":"Five Stars | Sobre nosotros","description":"Five Stars tiene apartamentos intemporales y contempor\u00e1neos en edificios restaurados para estancias cortas o largas en el centro de Lisboa y de Oporto.","robots":{"index":"index","follow":"follow","max-snippet":"max-snippet:-1","max-image-preview":"max-image-preview:large","max-video-preview":"max-video-preview:-1"},"canonical":"https:\/\/www.lisbonfivestars.pt\/es\/sobre-nosotros\/","og_locale":"es_ES","og_type":"article","og_title":"Five Stars | Sobre nosotros","og_description":"Five Stars tiene apartamentos intemporales y contempor\u00e1neos en edificios restaurados para estancias cortas o largas en el centro de Lisboa y de Oporto.","og_url":"https:\/\/www.lisbonfivestars.pt\/es\/sobre-nosotros\/","og_site_name":"Lisbon Five Stars","article_modified_time":"2025-06-05T14:48:52+00:00","og_image":[{"width":2200,"height":1200,"url":"https:\/\/www.lisbonfivestars.pt\/wp-content\/uploads\/sites\/518\/2023\/02\/Lisbon_Five_stars_baixa_gardens_slide.jpg","type":"image\/jpeg"}],"twitter_card":"summary_large_image","twitter_misc":{"Tiempo de lectura":"1 minuto"},"schema":{"@context":"https:\/\/schema.org","@graph":[{"@type":"WebPage","@id":"https:\/\/www.lisbonfivestars.pt\/es\/sobre-nosotros\/","url":"https:\/\/www.lisbonfivestars.pt\/es\/sobre-nosotros\/","name":"Five Stars | Sobre nosotros","isPartOf":{"@id":"https:\/\/www.lisbonfivestars.pt\/es\/#website"},"datePublished":"2023-04-17T14:11:29+00:00","dateModified":"2025-06-05T14:48:52+00:00","description":"Five Stars tiene apartamentos intemporales y contempor\u00e1neos en edificios restaurados para estancias cortas o largas en el centro de Lisboa y de Oporto.","breadcrumb":{"@id":"https:\/\/www.lisbonfivestars.pt\/es\/sobre-nosotros\/#breadcrumb"},"inLanguage":"es","potentialAction":[{"@type":"ReadAction","target":["https:\/\/www.lisbonfivestars.pt\/es\/sobre-nosotros\/"]}]},{"@type":"BreadcrumbList","@id":"https:\/\/www.lisbonfivestars.pt\/es\/sobre-nosotros\/#breadcrumb","itemListElement":[{"@type":"ListItem","position":1,"name":"Home","item":"https:\/\/www.lisbonfivestars.pt\/es\/"},{"@type":"ListItem","position":2,"name":"Sobre nosotros"}]},{"@type":"WebSite","@id":"https:\/\/www.lisbonfivestars.pt\/es\/#website","url":"https:\/\/www.lisbonfivestars.pt\/es\/","name":"Lisbon Five Stars","description":"","potentialAction":[{"@type":"SearchAction","target":{"@type":"EntryPoint","urlTemplate":"https:\/\/www.lisbonfivestars.pt\/es\/?s={search_term_string}"},"query-input":{"@type":"PropertyValueSpecification","valueRequired":true,"valueName":"search_term_string"}}],"inLanguage":"es"}]}},"acf":[],"_links":{"self":[{"href":"https:\/\/www.lisbonfivestars.pt\/es\/wp-json\/wp\/v2\/pages\/799","targetHints":{"allow":["GET"]}}],"collection":[{"href":"https:\/\/www.lisbonfivestars.pt\/es\/wp-json\/wp\/v2\/pages"}],"about":[{"href":"https:\/\/www.lisbonfivestars.pt\/es\/wp-json\/wp\/v2\/types\/page"}],"author":[{"embeddable":true,"href":"https:\/\/www.lisbonfivestars.pt\/es\/wp-json\/wp\/v2\/users\/36"}],"replies":[{"embeddable":true,"href":"https:\/\/www.lisbonfivestars.pt\/es\/wp-json\/wp\/v2\/comments?post=799"}],"version-history":[{"count":0,"href":"https:\/\/www.lisbonfivestars.pt\/es\/wp-json\/wp\/v2\/pages\/799\/revisions"}],"wp:attachment":[{"href":"https:\/\/www.lisbonfivestars.pt\/es\/wp-json\/wp\/v2\/media?parent=799"}],"curies":[{"name":"wp","href":"https:\/\/api.w.org\/{rel}","templated":true}]}}