{"id":10,"date":"2023-01-27T11:07:39","date_gmt":"2023-01-27T11:07:39","guid":{"rendered":"https:\/\/lisbonfivestars.ms.decms.eu\/?page_id=10"},"modified":"2025-09-09T11:42:10","modified_gmt":"2025-09-09T11:42:10","slug":"lisbon-five-stars","status":"publish","type":"page","link":"https:\/\/www.lisbonfivestars.pt\/fr\/","title":{"rendered":"Lisbon Five Stars"},"content":{"rendered":"<p>Nos immeubles impeccablement r\u00e9nov\u00e9s avec des appartements intemporels et contemporains au c\u0153ur de Lisbonne sont une invitation \u00e0 entrer, se d\u00e9tendre et rester. Qu\u2019il s\u2019agisse d\u2019une location \u00e0 court, moyen ou long terme, bienvenue dans votre maison au Portugal.<\/p>\n","protected":false},"excerpt":{"rendered":"<p>Nos immeubles impeccablement r\u00e9nov\u00e9s avec des appartements intemporels et contemporains au c\u0153ur de Lisbonne sont une invitation \u00e0 entrer, se d\u00e9tendre et rester. Qu\u2019il s\u2019agisse d\u2019une location \u00e0 court, moyen ou long terme, bienvenue dans votre maison au Portugal.<\/p>\n","protected":false},"author":36,"featured_media":0,"parent":0,"menu_order":0,"comment_status":"closed","ping_status":"closed","template":"","meta":{"footnotes":""},"class_list":["post-10","page","type-page","status-publish","hentry"],"yoast_head":"<!-- This site is optimized with the Yoast SEO plugin v26.9 - https:\/\/yoast.com\/product\/yoast-seo-wordpress\/ -->\n<title>Lisbon Five Stars | R\u00e9servez avec 10% de r\u00e9duction<\/title>\n<meta name=\"description\" content=\"Profitez de nos appartements haut de gamme dans les lieux embl\u00e9matiques de Lisbonne\" \/>\n<meta name=\"robots\" content=\"index, follow, max-snippet:-1, max-image-preview:large, max-video-preview:-1\" \/>\n<link rel=\"canonical\" href=\"https:\/\/www.lisbonfivestars.pt\/fr\/\" \/>\n<meta property=\"og:locale\" content=\"fr_FR\" \/>\n<meta property=\"og:type\" content=\"article\" \/>\n<meta property=\"og:title\" content=\"Lisbon Five Stars | R\u00e9servez avec 10% de r\u00e9duction\" \/>\n<meta property=\"og:description\" content=\"Profitez de nos appartements haut de gamme dans les lieux embl\u00e9matiques de Lisbonne\" \/>\n<meta property=\"og:url\" content=\"https:\/\/www.lisbonfivestars.pt\/fr\/\" \/>\n<meta property=\"og:site_name\" content=\"Lisbon Five Stars\" \/>\n<meta property=\"article:modified_time\" content=\"2025-09-09T11:42:10+00:00\" \/>\n<meta property=\"og:image\" content=\"https:\/\/www.lisbonfivestars.pt\/wp-content\/uploads\/sites\/518\/2023\/02\/Lisbon_Five_stars_baixa_gardens_slide.jpg\" \/>\n\t<meta property=\"og:image:width\" content=\"2200\" \/>\n\t<meta property=\"og:image:height\" content=\"1200\" \/>\n\t<meta property=\"og:image:type\" content=\"image\/jpeg\" \/>\n<meta name=\"twitter:card\" content=\"summary_large_image\" \/>\n<meta name=\"twitter:label1\" content=\"Dur\u00e9e de lecture estim\u00e9e\" \/>\n\t<meta name=\"twitter:data1\" content=\"1 minute\" \/>\n<script type=\"application\/ld+json\" class=\"yoast-schema-graph\">{\"@context\":\"https:\/\/schema.org\",\"@graph\":[{\"@type\":\"WebPage\",\"@id\":\"https:\/\/www.lisbonfivestars.pt\/fr\/\",\"url\":\"https:\/\/www.lisbonfivestars.pt\/fr\/\",\"name\":\"Lisbon Five Stars | R\u00e9servez avec 10% de r\u00e9duction\",\"isPartOf\":{\"@id\":\"https:\/\/www.lisbonfivestars.pt\/fr\/#website\"},\"datePublished\":\"2023-01-27T11:07:39+00:00\",\"dateModified\":\"2025-09-09T11:42:10+00:00\",\"description\":\"Profitez de nos appartements haut de gamme dans les lieux embl\u00e9matiques de Lisbonne\",\"breadcrumb\":{\"@id\":\"https:\/\/www.lisbonfivestars.pt\/fr\/#breadcrumb\"},\"inLanguage\":\"fr-FR\",\"potentialAction\":[{\"@type\":\"ReadAction\",\"target\":[\"https:\/\/www.lisbonfivestars.pt\/fr\/\"]}]},{\"@type\":\"BreadcrumbList\",\"@id\":\"https:\/\/www.lisbonfivestars.pt\/fr\/#breadcrumb\",\"itemListElement\":[{\"@type\":\"ListItem\",\"position\":1,\"name\":\"Home\",\"item\":\"https:\/\/www.lisbonfivestars.pt\/fr\/\"},{\"@type\":\"ListItem\",\"position\":2,\"name\":\"Lisbon Five Stars\"}]},{\"@type\":\"WebSite\",\"@id\":\"https:\/\/www.lisbonfivestars.pt\/fr\/#website\",\"url\":\"https:\/\/www.lisbonfivestars.pt\/fr\/\",\"name\":\"Lisbon Five Stars\",\"description\":\"\",\"potentialAction\":[{\"@type\":\"SearchAction\",\"target\":{\"@type\":\"EntryPoint\",\"urlTemplate\":\"https:\/\/www.lisbonfivestars.pt\/fr\/?s={search_term_string}\"},\"query-input\":{\"@type\":\"PropertyValueSpecification\",\"valueRequired\":true,\"valueName\":\"search_term_string\"}}],\"inLanguage\":\"fr-FR\"}]}<\/script>\n<!-- \/ Yoast SEO plugin. -->","yoast_head_json":{"title":"Lisbon Five Stars | R\u00e9servez avec 10% de r\u00e9duction","description":"Profitez de nos appartements haut de gamme dans les lieux embl\u00e9matiques de Lisbonne","robots":{"index":"index","follow":"follow","max-snippet":"max-snippet:-1","max-image-preview":"max-image-preview:large","max-video-preview":"max-video-preview:-1"},"canonical":"https:\/\/www.lisbonfivestars.pt\/fr\/","og_locale":"fr_FR","og_type":"article","og_title":"Lisbon Five Stars | R\u00e9servez avec 10% de r\u00e9duction","og_description":"Profitez de nos appartements haut de gamme dans les lieux embl\u00e9matiques de Lisbonne","og_url":"https:\/\/www.lisbonfivestars.pt\/fr\/","og_site_name":"Lisbon Five Stars","article_modified_time":"2025-09-09T11:42:10+00:00","og_image":[{"width":2200,"height":1200,"url":"https:\/\/www.lisbonfivestars.pt\/wp-content\/uploads\/sites\/518\/2023\/02\/Lisbon_Five_stars_baixa_gardens_slide.jpg","type":"image\/jpeg"}],"twitter_card":"summary_large_image","twitter_misc":{"Dur\u00e9e de lecture estim\u00e9e":"1 minute"},"schema":{"@context":"https:\/\/schema.org","@graph":[{"@type":"WebPage","@id":"https:\/\/www.lisbonfivestars.pt\/fr\/","url":"https:\/\/www.lisbonfivestars.pt\/fr\/","name":"Lisbon Five Stars | R\u00e9servez avec 10% de r\u00e9duction","isPartOf":{"@id":"https:\/\/www.lisbonfivestars.pt\/fr\/#website"},"datePublished":"2023-01-27T11:07:39+00:00","dateModified":"2025-09-09T11:42:10+00:00","description":"Profitez de nos appartements haut de gamme dans les lieux embl\u00e9matiques de Lisbonne","breadcrumb":{"@id":"https:\/\/www.lisbonfivestars.pt\/fr\/#breadcrumb"},"inLanguage":"fr-FR","potentialAction":[{"@type":"ReadAction","target":["https:\/\/www.lisbonfivestars.pt\/fr\/"]}]},{"@type":"BreadcrumbList","@id":"https:\/\/www.lisbonfivestars.pt\/fr\/#breadcrumb","itemListElement":[{"@type":"ListItem","position":1,"name":"Home","item":"https:\/\/www.lisbonfivestars.pt\/fr\/"},{"@type":"ListItem","position":2,"name":"Lisbon Five Stars"}]},{"@type":"WebSite","@id":"https:\/\/www.lisbonfivestars.pt\/fr\/#website","url":"https:\/\/www.lisbonfivestars.pt\/fr\/","name":"Lisbon Five Stars","description":"","potentialAction":[{"@type":"SearchAction","target":{"@type":"EntryPoint","urlTemplate":"https:\/\/www.lisbonfivestars.pt\/fr\/?s={search_term_string}"},"query-input":{"@type":"PropertyValueSpecification","valueRequired":true,"valueName":"search_term_string"}}],"inLanguage":"fr-FR"}]}},"acf":[],"_links":{"self":[{"href":"https:\/\/www.lisbonfivestars.pt\/fr\/wp-json\/wp\/v2\/pages\/10","targetHints":{"allow":["GET"]}}],"collection":[{"href":"https:\/\/www.lisbonfivestars.pt\/fr\/wp-json\/wp\/v2\/pages"}],"about":[{"href":"https:\/\/www.lisbonfivestars.pt\/fr\/wp-json\/wp\/v2\/types\/page"}],"author":[{"embeddable":true,"href":"https:\/\/www.lisbonfivestars.pt\/fr\/wp-json\/wp\/v2\/users\/36"}],"replies":[{"embeddable":true,"href":"https:\/\/www.lisbonfivestars.pt\/fr\/wp-json\/wp\/v2\/comments?post=10"}],"version-history":[{"count":0,"href":"https:\/\/www.lisbonfivestars.pt\/fr\/wp-json\/wp\/v2\/pages\/10\/revisions"}],"wp:attachment":[{"href":"https:\/\/www.lisbonfivestars.pt\/fr\/wp-json\/wp\/v2\/media?parent=10"}],"curies":[{"name":"wp","href":"https:\/\/api.w.org\/{rel}","templated":true}]}}