{"id":1019,"date":"2023-02-10T15:17:26","date_gmt":"2023-02-10T15:17:26","guid":{"rendered":"https:\/\/www.lisbonfivestars.pt\/?page_id=1019"},"modified":"2023-04-26T12:26:42","modified_gmt":"2023-04-26T12:26:42","slug":"un-monde-le-notre","status":"publish","type":"page","link":"https:\/\/www.lisbonfivestars.pt\/fr\/un-monde-le-notre\/","title":{"rendered":"Un monde, le n\u00f4tre"},"content":{"rendered":"<p>Vivre une vie plus durable n\u2019est plus une id\u00e9e abstraite, mais une v\u00e9ritable construction dynamique qui habite nos attitudes, nos projets et nos actions quotidiennes.<\/p>\n<p>Chez Five Stars, la durabilit\u00e9 commence avec chaque projet et est \u00e0 la base de chaque immeuble que nous construisons ou r\u00e9novons.<\/p>\n<p>Nous avons ensuite transpos\u00e9 cette pratique \u00e0 l\u2019int\u00e9rieur, en cr\u00e9ant de beaux appartements, efficaces et respectueux de l\u2019environnement \u2013 parce que la durabilit\u00e9 est belle.<\/p>\n<p>La durabilit\u00e9 n\u2019est plus l\u2019avenir, c\u2019est ici et maintenant. Lorsqu\u2019il s\u2019agit d\u2019une plan\u00e8te verte et saine, nous devons tous faire notre part.<\/p>\n","protected":false},"excerpt":{"rendered":"<p>Vivre une vie plus durable n\u2019est plus une id\u00e9e abstraite, mais une v\u00e9ritable construction dynamique qui habite nos attitudes, nos projets et nos actions quotidiennes. Chez Five Stars, la durabilit\u00e9 commence avec chaque projet et est \u00e0 la base de chaque immeuble que nous construisons ou r\u00e9novons. Nous avons ensuite transpos\u00e9 cette pratique \u00e0 l\u2019int\u00e9rieur, [&hellip;]<\/p>\n","protected":false},"author":36,"featured_media":0,"parent":0,"menu_order":100,"comment_status":"closed","ping_status":"closed","template":"","meta":{"footnotes":""},"class_list":["post-1019","page","type-page","status-publish","hentry"],"yoast_head":"<!-- This site is optimized with the Yoast SEO plugin v26.9 - https:\/\/yoast.com\/product\/yoast-seo-wordpress\/ -->\n<title>Five Stars | Durabilit\u00e9<\/title>\n<meta name=\"description\" content=\"Five Stars garantit le cadre ESG avec des strat\u00e9gies solides en mati\u00e8re d\u2019engagement environnemental, d\u2019engagement social et de gouvernance d\u2019entreprise.\" \/>\n<meta name=\"robots\" content=\"index, follow, max-snippet:-1, max-image-preview:large, max-video-preview:-1\" \/>\n<link rel=\"canonical\" href=\"https:\/\/www.lisbonfivestars.pt\/fr\/un-monde-le-notre\/\" \/>\n<meta property=\"og:locale\" content=\"fr_FR\" \/>\n<meta property=\"og:type\" content=\"article\" \/>\n<meta property=\"og:title\" content=\"Five Stars | Durabilit\u00e9\" \/>\n<meta property=\"og:description\" content=\"Five Stars garantit le cadre ESG avec des strat\u00e9gies solides en mati\u00e8re d\u2019engagement environnemental, d\u2019engagement social et de gouvernance d\u2019entreprise.\" \/>\n<meta property=\"og:url\" content=\"https:\/\/www.lisbonfivestars.pt\/fr\/un-monde-le-notre\/\" \/>\n<meta property=\"og:site_name\" content=\"Lisbon Five Stars\" \/>\n<meta property=\"article:modified_time\" content=\"2023-04-26T12:26:42+00:00\" \/>\n<meta property=\"og:image\" content=\"https:\/\/www.lisbonfivestars.pt\/wp-content\/uploads\/sites\/518\/2023\/02\/Lisbon_Five_stars_baixa_gardens_slide.jpg\" \/>\n\t<meta property=\"og:image:width\" content=\"2200\" \/>\n\t<meta property=\"og:image:height\" content=\"1200\" \/>\n\t<meta property=\"og:image:type\" content=\"image\/jpeg\" \/>\n<meta name=\"twitter:card\" content=\"summary_large_image\" \/>\n<meta name=\"twitter:label1\" content=\"Dur\u00e9e de lecture estim\u00e9e\" \/>\n\t<meta name=\"twitter:data1\" content=\"1 minute\" \/>\n<script type=\"application\/ld+json\" class=\"yoast-schema-graph\">{\"@context\":\"https:\/\/schema.org\",\"@graph\":[{\"@type\":\"WebPage\",\"@id\":\"https:\/\/www.lisbonfivestars.pt\/fr\/un-monde-le-notre\/\",\"url\":\"https:\/\/www.lisbonfivestars.pt\/fr\/un-monde-le-notre\/\",\"name\":\"Five Stars | Durabilit\u00e9\",\"isPartOf\":{\"@id\":\"https:\/\/www.lisbonfivestars.pt\/fr\/#website\"},\"datePublished\":\"2023-02-10T15:17:26+00:00\",\"dateModified\":\"2023-04-26T12:26:42+00:00\",\"description\":\"Five Stars garantit le cadre ESG avec des strat\u00e9gies solides en mati\u00e8re d\u2019engagement environnemental, d\u2019engagement social et de gouvernance d\u2019entreprise.\",\"breadcrumb\":{\"@id\":\"https:\/\/www.lisbonfivestars.pt\/fr\/un-monde-le-notre\/#breadcrumb\"},\"inLanguage\":\"fr-FR\",\"potentialAction\":[{\"@type\":\"ReadAction\",\"target\":[\"https:\/\/www.lisbonfivestars.pt\/fr\/un-monde-le-notre\/\"]}]},{\"@type\":\"BreadcrumbList\",\"@id\":\"https:\/\/www.lisbonfivestars.pt\/fr\/un-monde-le-notre\/#breadcrumb\",\"itemListElement\":[{\"@type\":\"ListItem\",\"position\":1,\"name\":\"Home\",\"item\":\"https:\/\/www.lisbonfivestars.pt\/fr\/\"},{\"@type\":\"ListItem\",\"position\":2,\"name\":\"Un monde, le n\u00f4tre\"}]},{\"@type\":\"WebSite\",\"@id\":\"https:\/\/www.lisbonfivestars.pt\/fr\/#website\",\"url\":\"https:\/\/www.lisbonfivestars.pt\/fr\/\",\"name\":\"Lisbon Five Stars\",\"description\":\"\",\"potentialAction\":[{\"@type\":\"SearchAction\",\"target\":{\"@type\":\"EntryPoint\",\"urlTemplate\":\"https:\/\/www.lisbonfivestars.pt\/fr\/?s={search_term_string}\"},\"query-input\":{\"@type\":\"PropertyValueSpecification\",\"valueRequired\":true,\"valueName\":\"search_term_string\"}}],\"inLanguage\":\"fr-FR\"}]}<\/script>\n<!-- \/ Yoast SEO plugin. -->","yoast_head_json":{"title":"Five Stars | Durabilit\u00e9","description":"Five Stars garantit le cadre ESG avec des strat\u00e9gies solides en mati\u00e8re d\u2019engagement environnemental, d\u2019engagement social et de gouvernance d\u2019entreprise.","robots":{"index":"index","follow":"follow","max-snippet":"max-snippet:-1","max-image-preview":"max-image-preview:large","max-video-preview":"max-video-preview:-1"},"canonical":"https:\/\/www.lisbonfivestars.pt\/fr\/un-monde-le-notre\/","og_locale":"fr_FR","og_type":"article","og_title":"Five Stars | Durabilit\u00e9","og_description":"Five Stars garantit le cadre ESG avec des strat\u00e9gies solides en mati\u00e8re d\u2019engagement environnemental, d\u2019engagement social et de gouvernance d\u2019entreprise.","og_url":"https:\/\/www.lisbonfivestars.pt\/fr\/un-monde-le-notre\/","og_site_name":"Lisbon Five Stars","article_modified_time":"2023-04-26T12:26:42+00:00","og_image":[{"width":2200,"height":1200,"url":"https:\/\/www.lisbonfivestars.pt\/wp-content\/uploads\/sites\/518\/2023\/02\/Lisbon_Five_stars_baixa_gardens_slide.jpg","type":"image\/jpeg"}],"twitter_card":"summary_large_image","twitter_misc":{"Dur\u00e9e de lecture estim\u00e9e":"1 minute"},"schema":{"@context":"https:\/\/schema.org","@graph":[{"@type":"WebPage","@id":"https:\/\/www.lisbonfivestars.pt\/fr\/un-monde-le-notre\/","url":"https:\/\/www.lisbonfivestars.pt\/fr\/un-monde-le-notre\/","name":"Five Stars | Durabilit\u00e9","isPartOf":{"@id":"https:\/\/www.lisbonfivestars.pt\/fr\/#website"},"datePublished":"2023-02-10T15:17:26+00:00","dateModified":"2023-04-26T12:26:42+00:00","description":"Five Stars garantit le cadre ESG avec des strat\u00e9gies solides en mati\u00e8re d\u2019engagement environnemental, d\u2019engagement social et de gouvernance d\u2019entreprise.","breadcrumb":{"@id":"https:\/\/www.lisbonfivestars.pt\/fr\/un-monde-le-notre\/#breadcrumb"},"inLanguage":"fr-FR","potentialAction":[{"@type":"ReadAction","target":["https:\/\/www.lisbonfivestars.pt\/fr\/un-monde-le-notre\/"]}]},{"@type":"BreadcrumbList","@id":"https:\/\/www.lisbonfivestars.pt\/fr\/un-monde-le-notre\/#breadcrumb","itemListElement":[{"@type":"ListItem","position":1,"name":"Home","item":"https:\/\/www.lisbonfivestars.pt\/fr\/"},{"@type":"ListItem","position":2,"name":"Un monde, le n\u00f4tre"}]},{"@type":"WebSite","@id":"https:\/\/www.lisbonfivestars.pt\/fr\/#website","url":"https:\/\/www.lisbonfivestars.pt\/fr\/","name":"Lisbon Five Stars","description":"","potentialAction":[{"@type":"SearchAction","target":{"@type":"EntryPoint","urlTemplate":"https:\/\/www.lisbonfivestars.pt\/fr\/?s={search_term_string}"},"query-input":{"@type":"PropertyValueSpecification","valueRequired":true,"valueName":"search_term_string"}}],"inLanguage":"fr-FR"}]}},"acf":[],"_links":{"self":[{"href":"https:\/\/www.lisbonfivestars.pt\/fr\/wp-json\/wp\/v2\/pages\/1019","targetHints":{"allow":["GET"]}}],"collection":[{"href":"https:\/\/www.lisbonfivestars.pt\/fr\/wp-json\/wp\/v2\/pages"}],"about":[{"href":"https:\/\/www.lisbonfivestars.pt\/fr\/wp-json\/wp\/v2\/types\/page"}],"author":[{"embeddable":true,"href":"https:\/\/www.lisbonfivestars.pt\/fr\/wp-json\/wp\/v2\/users\/36"}],"replies":[{"embeddable":true,"href":"https:\/\/www.lisbonfivestars.pt\/fr\/wp-json\/wp\/v2\/comments?post=1019"}],"version-history":[{"count":0,"href":"https:\/\/www.lisbonfivestars.pt\/fr\/wp-json\/wp\/v2\/pages\/1019\/revisions"}],"wp:attachment":[{"href":"https:\/\/www.lisbonfivestars.pt\/fr\/wp-json\/wp\/v2\/media?parent=1019"}],"curies":[{"name":"wp","href":"https:\/\/api.w.org\/{rel}","templated":true}]}}