{"id":1025,"date":"2023-02-10T15:10:18","date_gmt":"2023-02-10T15:10:18","guid":{"rendered":"https:\/\/www.lisbonfivestars.pt\/premium-business-opportunities\/"},"modified":"2023-04-26T12:32:30","modified_gmt":"2023-04-26T12:32:30","slug":"opportunites-commerciales-haut-de-gamme","status":"publish","type":"page","link":"https:\/\/www.lisbonfivestars.pt\/fr\/opportunites-commerciales-haut-de-gamme\/","title":{"rendered":"Opportunit\u00e9s commerciales haut de gamme"},"content":{"rendered":"<p>Vous souhaitez capitaliser votre appartement haut de gamme\u00a0? Nous cherchons toujours \u00e0 augmenter notre s\u00e9lection d\u2019appartements sup\u00e9rieurs soigneusement choisis \u00e0 Lisbonne et \u00e0 Porto\u2026 ce qui signifie que le v\u00f4tre pourrait \u00eatre le prochain. Connus pour nos propositions personnalis\u00e9es, chaque client est unique et nous nous engageons \u00e0 construire et \u00e0 maintenir des relations de confiance avec chacun d\u2019entre eux. Nous traitons votre maison comme si c\u2019\u00e9tait la n\u00f4tre.<\/p>\n<p>Des appartements haut de gamme, des opportunit\u00e9s haut de gamme, des relations commerciales haut de gamme.<\/p>\n<p>N\u2019h\u00e9sitez pas \u00e0 nous contacter : <a href=\"mailto:ab@habitatproperty.pt\">ab@habitatproperty.pt<\/a> | <a href=\"tel:+351 915 277 418\">+351 915 277 418<\/a><\/p>\n","protected":false},"excerpt":{"rendered":"<p>Vous souhaitez capitaliser votre appartement haut de gamme\u00a0? Nous cherchons toujours \u00e0 augmenter notre s\u00e9lection d\u2019appartements sup\u00e9rieurs soigneusement choisis \u00e0 Lisbonne et \u00e0 Porto\u2026 ce qui signifie que le v\u00f4tre pourrait \u00eatre le prochain. Connus pour nos propositions personnalis\u00e9es, chaque client est unique et nous nous engageons \u00e0 construire et \u00e0 maintenir des relations de [&hellip;]<\/p>\n","protected":false},"author":36,"featured_media":0,"parent":0,"menu_order":80,"comment_status":"closed","ping_status":"closed","template":"","meta":{"footnotes":""},"class_list":["post-1025","page","type-page","status-publish","hentry"],"yoast_head":"<!-- This site is optimized with the Yoast SEO plugin v26.9 - https:\/\/yoast.com\/product\/yoast-seo-wordpress\/ -->\n<title>Five Stars | Pour les propri\u00e9taires d\u2019appartements<\/title>\n<meta name=\"description\" content=\"Five Stars aide les propri\u00e9taires d\u2019appartements \u00e0 capitaliser leurs biens immobiliers de luxe en les g\u00e9rant avec responsabilit\u00e9, transparence et confiance.\" \/>\n<meta name=\"robots\" content=\"index, follow, max-snippet:-1, max-image-preview:large, max-video-preview:-1\" \/>\n<link rel=\"canonical\" href=\"https:\/\/www.lisbonfivestars.pt\/fr\/opportunites-commerciales-haut-de-gamme\/\" \/>\n<meta property=\"og:locale\" content=\"fr_FR\" \/>\n<meta property=\"og:type\" content=\"article\" \/>\n<meta property=\"og:title\" content=\"Five Stars | Pour les propri\u00e9taires d\u2019appartements\" \/>\n<meta property=\"og:description\" content=\"Five Stars aide les propri\u00e9taires d\u2019appartements \u00e0 capitaliser leurs biens immobiliers de luxe en les g\u00e9rant avec responsabilit\u00e9, transparence et confiance.\" \/>\n<meta property=\"og:url\" content=\"https:\/\/www.lisbonfivestars.pt\/fr\/opportunites-commerciales-haut-de-gamme\/\" \/>\n<meta property=\"og:site_name\" content=\"Lisbon Five Stars\" \/>\n<meta property=\"article:modified_time\" content=\"2023-04-26T12:32:30+00:00\" \/>\n<meta property=\"og:image\" content=\"https:\/\/www.lisbonfivestars.pt\/wp-content\/uploads\/sites\/518\/2023\/02\/Lisbon_Five_stars_baixa_gardens_slide.jpg\" \/>\n\t<meta property=\"og:image:width\" content=\"2200\" \/>\n\t<meta property=\"og:image:height\" content=\"1200\" \/>\n\t<meta property=\"og:image:type\" content=\"image\/jpeg\" \/>\n<meta name=\"twitter:card\" content=\"summary_large_image\" \/>\n<meta name=\"twitter:label1\" content=\"Dur\u00e9e de lecture estim\u00e9e\" \/>\n\t<meta name=\"twitter:data1\" content=\"1 minute\" \/>\n<script type=\"application\/ld+json\" class=\"yoast-schema-graph\">{\"@context\":\"https:\/\/schema.org\",\"@graph\":[{\"@type\":\"WebPage\",\"@id\":\"https:\/\/www.lisbonfivestars.pt\/fr\/opportunites-commerciales-haut-de-gamme\/\",\"url\":\"https:\/\/www.lisbonfivestars.pt\/fr\/opportunites-commerciales-haut-de-gamme\/\",\"name\":\"Five Stars | Pour les propri\u00e9taires d\u2019appartements\",\"isPartOf\":{\"@id\":\"https:\/\/www.lisbonfivestars.pt\/fr\/#website\"},\"datePublished\":\"2023-02-10T15:10:18+00:00\",\"dateModified\":\"2023-04-26T12:32:30+00:00\",\"description\":\"Five Stars aide les propri\u00e9taires d\u2019appartements \u00e0 capitaliser leurs biens immobiliers de luxe en les g\u00e9rant avec responsabilit\u00e9, transparence et confiance.\",\"breadcrumb\":{\"@id\":\"https:\/\/www.lisbonfivestars.pt\/fr\/opportunites-commerciales-haut-de-gamme\/#breadcrumb\"},\"inLanguage\":\"fr-FR\",\"potentialAction\":[{\"@type\":\"ReadAction\",\"target\":[\"https:\/\/www.lisbonfivestars.pt\/fr\/opportunites-commerciales-haut-de-gamme\/\"]}]},{\"@type\":\"BreadcrumbList\",\"@id\":\"https:\/\/www.lisbonfivestars.pt\/fr\/opportunites-commerciales-haut-de-gamme\/#breadcrumb\",\"itemListElement\":[{\"@type\":\"ListItem\",\"position\":1,\"name\":\"Home\",\"item\":\"https:\/\/www.lisbonfivestars.pt\/fr\/\"},{\"@type\":\"ListItem\",\"position\":2,\"name\":\"Opportunit\u00e9s commerciales haut de gamme\"}]},{\"@type\":\"WebSite\",\"@id\":\"https:\/\/www.lisbonfivestars.pt\/fr\/#website\",\"url\":\"https:\/\/www.lisbonfivestars.pt\/fr\/\",\"name\":\"Lisbon Five Stars\",\"description\":\"\",\"potentialAction\":[{\"@type\":\"SearchAction\",\"target\":{\"@type\":\"EntryPoint\",\"urlTemplate\":\"https:\/\/www.lisbonfivestars.pt\/fr\/?s={search_term_string}\"},\"query-input\":{\"@type\":\"PropertyValueSpecification\",\"valueRequired\":true,\"valueName\":\"search_term_string\"}}],\"inLanguage\":\"fr-FR\"}]}<\/script>\n<!-- \/ Yoast SEO plugin. -->","yoast_head_json":{"title":"Five Stars | Pour les propri\u00e9taires d\u2019appartements","description":"Five Stars aide les propri\u00e9taires d\u2019appartements \u00e0 capitaliser leurs biens immobiliers de luxe en les g\u00e9rant avec responsabilit\u00e9, transparence et confiance.","robots":{"index":"index","follow":"follow","max-snippet":"max-snippet:-1","max-image-preview":"max-image-preview:large","max-video-preview":"max-video-preview:-1"},"canonical":"https:\/\/www.lisbonfivestars.pt\/fr\/opportunites-commerciales-haut-de-gamme\/","og_locale":"fr_FR","og_type":"article","og_title":"Five Stars | Pour les propri\u00e9taires d\u2019appartements","og_description":"Five Stars aide les propri\u00e9taires d\u2019appartements \u00e0 capitaliser leurs biens immobiliers de luxe en les g\u00e9rant avec responsabilit\u00e9, transparence et confiance.","og_url":"https:\/\/www.lisbonfivestars.pt\/fr\/opportunites-commerciales-haut-de-gamme\/","og_site_name":"Lisbon Five Stars","article_modified_time":"2023-04-26T12:32:30+00:00","og_image":[{"width":2200,"height":1200,"url":"https:\/\/www.lisbonfivestars.pt\/wp-content\/uploads\/sites\/518\/2023\/02\/Lisbon_Five_stars_baixa_gardens_slide.jpg","type":"image\/jpeg"}],"twitter_card":"summary_large_image","twitter_misc":{"Dur\u00e9e de lecture estim\u00e9e":"1 minute"},"schema":{"@context":"https:\/\/schema.org","@graph":[{"@type":"WebPage","@id":"https:\/\/www.lisbonfivestars.pt\/fr\/opportunites-commerciales-haut-de-gamme\/","url":"https:\/\/www.lisbonfivestars.pt\/fr\/opportunites-commerciales-haut-de-gamme\/","name":"Five Stars | Pour les propri\u00e9taires d\u2019appartements","isPartOf":{"@id":"https:\/\/www.lisbonfivestars.pt\/fr\/#website"},"datePublished":"2023-02-10T15:10:18+00:00","dateModified":"2023-04-26T12:32:30+00:00","description":"Five Stars aide les propri\u00e9taires d\u2019appartements \u00e0 capitaliser leurs biens immobiliers de luxe en les g\u00e9rant avec responsabilit\u00e9, transparence et confiance.","breadcrumb":{"@id":"https:\/\/www.lisbonfivestars.pt\/fr\/opportunites-commerciales-haut-de-gamme\/#breadcrumb"},"inLanguage":"fr-FR","potentialAction":[{"@type":"ReadAction","target":["https:\/\/www.lisbonfivestars.pt\/fr\/opportunites-commerciales-haut-de-gamme\/"]}]},{"@type":"BreadcrumbList","@id":"https:\/\/www.lisbonfivestars.pt\/fr\/opportunites-commerciales-haut-de-gamme\/#breadcrumb","itemListElement":[{"@type":"ListItem","position":1,"name":"Home","item":"https:\/\/www.lisbonfivestars.pt\/fr\/"},{"@type":"ListItem","position":2,"name":"Opportunit\u00e9s commerciales haut de gamme"}]},{"@type":"WebSite","@id":"https:\/\/www.lisbonfivestars.pt\/fr\/#website","url":"https:\/\/www.lisbonfivestars.pt\/fr\/","name":"Lisbon Five Stars","description":"","potentialAction":[{"@type":"SearchAction","target":{"@type":"EntryPoint","urlTemplate":"https:\/\/www.lisbonfivestars.pt\/fr\/?s={search_term_string}"},"query-input":{"@type":"PropertyValueSpecification","valueRequired":true,"valueName":"search_term_string"}}],"inLanguage":"fr-FR"}]}},"acf":[],"_links":{"self":[{"href":"https:\/\/www.lisbonfivestars.pt\/fr\/wp-json\/wp\/v2\/pages\/1025","targetHints":{"allow":["GET"]}}],"collection":[{"href":"https:\/\/www.lisbonfivestars.pt\/fr\/wp-json\/wp\/v2\/pages"}],"about":[{"href":"https:\/\/www.lisbonfivestars.pt\/fr\/wp-json\/wp\/v2\/types\/page"}],"author":[{"embeddable":true,"href":"https:\/\/www.lisbonfivestars.pt\/fr\/wp-json\/wp\/v2\/users\/36"}],"replies":[{"embeddable":true,"href":"https:\/\/www.lisbonfivestars.pt\/fr\/wp-json\/wp\/v2\/comments?post=1025"}],"version-history":[{"count":0,"href":"https:\/\/www.lisbonfivestars.pt\/fr\/wp-json\/wp\/v2\/pages\/1025\/revisions"}],"wp:attachment":[{"href":"https:\/\/www.lisbonfivestars.pt\/fr\/wp-json\/wp\/v2\/media?parent=1025"}],"curies":[{"name":"wp","href":"https:\/\/api.w.org\/{rel}","templated":true}]}}