{"id":1031,"date":"2023-02-10T15:02:32","date_gmt":"2023-02-10T15:02:32","guid":{"rendered":"https:\/\/www.lisbonfivestars.pt\/investing-in-portugal\/"},"modified":"2023-04-26T12:48:39","modified_gmt":"2023-04-26T12:48:39","slug":"investir-au-portugal","status":"publish","type":"page","link":"https:\/\/www.lisbonfivestars.pt\/fr\/investir-au-portugal\/","title":{"rendered":"Investir au Portugal"},"content":{"rendered":"<p>Consid\u00e9r\u00e9 comme l\u2019un des meilleurs pays europ\u00e9ens pour vivre, \u00e9tudier et travailler, le Portugal est fier de son climat exceptionnel, de sa gastronomie fantastique et de ses normes \u00e9lev\u00e9es en mati\u00e8re de sant\u00e9, de s\u00e9curit\u00e9 et d\u2019\u00e9ducation. Il regorge d\u2019innovation et d\u2019esprit d\u2019entreprise, d\u2019une sc\u00e8ne culturelle dynamique et poss\u00e8de le meilleur de plusieurs mondes \u00e0 port\u00e9e de main\u00a0: des villes contemporaines, des paysages ruraux charmants, des plages magnifiques et des montagnes merveilleuses.<\/p>\n<p>C\u2019est aussi une destination attrayante pour d\u2019excellents investissements immobiliers et les immeubles Five Stars ouvrent fi\u00e8rement leurs portes pour vous accueillir chaleureusement \u00e0 Lisbonne ou \u00e0 Porto. Dans les centres historiques des deux villes, vous trouverez des propri\u00e9t\u00e9s d\u2019excellence au design int\u00e9rieur exceptionnel qui ont \u00e9t\u00e9 reconstruites et r\u00e9nov\u00e9es avec la plus haute qualit\u00e9. Impr\u00e9gn\u00e9s de tradition et d\u2019histoire, ces appartements sont con\u00e7us pour un mode de vie moderne et passionnant et ont \u00e9t\u00e9 cr\u00e9\u00e9s pour inspirer et vivre de nouvelles histoires. Les v\u00f4tres.<\/p>\n<p>Bienvenue \u00e0 votre adresse exclusive au Portugal.<\/p>\n","protected":false},"excerpt":{"rendered":"<p>Consid\u00e9r\u00e9 comme l\u2019un des meilleurs pays europ\u00e9ens pour vivre, \u00e9tudier et travailler, le Portugal est fier de son climat exceptionnel, de sa gastronomie fantastique et de ses normes \u00e9lev\u00e9es en mati\u00e8re de sant\u00e9, de s\u00e9curit\u00e9 et d\u2019\u00e9ducation. Il regorge d\u2019innovation et d\u2019esprit d\u2019entreprise, d\u2019une sc\u00e8ne culturelle dynamique et poss\u00e8de le meilleur de plusieurs mondes \u00e0 [&hellip;]<\/p>\n","protected":false},"author":36,"featured_media":0,"parent":0,"menu_order":50,"comment_status":"closed","ping_status":"closed","template":"","meta":{"footnotes":""},"class_list":["post-1031","page","type-page","status-publish","hentry"],"yoast_head":"<!-- This site is optimized with the Yoast SEO plugin v26.9 - https:\/\/yoast.com\/product\/yoast-seo-wordpress\/ -->\n<title>Five Stars | Acheter un appartement haut de gamme<\/title>\n<meta name=\"description\" content=\"Vous souhaitez acheter un appartement \u00e0 Lisbonne ou \u00e0 Porto\u00a0? Five Stars dispose de propri\u00e9t\u00e9s haut de gamme, toutes r\u00e9nov\u00e9es selon les normes de qualit\u00e9 les plus strictes.\" \/>\n<meta name=\"robots\" content=\"index, follow, max-snippet:-1, max-image-preview:large, max-video-preview:-1\" \/>\n<link rel=\"canonical\" href=\"https:\/\/www.lisbonfivestars.pt\/fr\/investir-au-portugal\/\" \/>\n<meta property=\"og:locale\" content=\"fr_FR\" \/>\n<meta property=\"og:type\" content=\"article\" \/>\n<meta property=\"og:title\" content=\"Five Stars | Acheter un appartement haut de gamme\" \/>\n<meta property=\"og:description\" content=\"Vous souhaitez acheter un appartement \u00e0 Lisbonne ou \u00e0 Porto\u00a0? Five Stars dispose de propri\u00e9t\u00e9s haut de gamme, toutes r\u00e9nov\u00e9es selon les normes de qualit\u00e9 les plus strictes.\" \/>\n<meta property=\"og:url\" content=\"https:\/\/www.lisbonfivestars.pt\/fr\/investir-au-portugal\/\" \/>\n<meta property=\"og:site_name\" content=\"Lisbon Five Stars\" \/>\n<meta property=\"article:modified_time\" content=\"2023-04-26T12:48:39+00:00\" \/>\n<meta property=\"og:image\" content=\"https:\/\/www.lisbonfivestars.pt\/wp-content\/uploads\/sites\/518\/2023\/02\/Lisbon_Five_stars_baixa_gardens_slide.jpg\" \/>\n\t<meta property=\"og:image:width\" content=\"2200\" \/>\n\t<meta property=\"og:image:height\" content=\"1200\" \/>\n\t<meta property=\"og:image:type\" content=\"image\/jpeg\" \/>\n<meta name=\"twitter:card\" content=\"summary_large_image\" \/>\n<meta name=\"twitter:label1\" content=\"Dur\u00e9e de lecture estim\u00e9e\" \/>\n\t<meta name=\"twitter:data1\" content=\"1 minute\" \/>\n<script type=\"application\/ld+json\" class=\"yoast-schema-graph\">{\"@context\":\"https:\/\/schema.org\",\"@graph\":[{\"@type\":\"WebPage\",\"@id\":\"https:\/\/www.lisbonfivestars.pt\/fr\/investir-au-portugal\/\",\"url\":\"https:\/\/www.lisbonfivestars.pt\/fr\/investir-au-portugal\/\",\"name\":\"Five Stars | Acheter un appartement haut de gamme\",\"isPartOf\":{\"@id\":\"https:\/\/www.lisbonfivestars.pt\/fr\/#website\"},\"datePublished\":\"2023-02-10T15:02:32+00:00\",\"dateModified\":\"2023-04-26T12:48:39+00:00\",\"description\":\"Vous souhaitez acheter un appartement \u00e0 Lisbonne ou \u00e0 Porto\u00a0? Five Stars dispose de propri\u00e9t\u00e9s haut de gamme, toutes r\u00e9nov\u00e9es selon les normes de qualit\u00e9 les plus strictes.\",\"breadcrumb\":{\"@id\":\"https:\/\/www.lisbonfivestars.pt\/fr\/investir-au-portugal\/#breadcrumb\"},\"inLanguage\":\"fr-FR\",\"potentialAction\":[{\"@type\":\"ReadAction\",\"target\":[\"https:\/\/www.lisbonfivestars.pt\/fr\/investir-au-portugal\/\"]}]},{\"@type\":\"BreadcrumbList\",\"@id\":\"https:\/\/www.lisbonfivestars.pt\/fr\/investir-au-portugal\/#breadcrumb\",\"itemListElement\":[{\"@type\":\"ListItem\",\"position\":1,\"name\":\"Home\",\"item\":\"https:\/\/www.lisbonfivestars.pt\/fr\/\"},{\"@type\":\"ListItem\",\"position\":2,\"name\":\"Investir au Portugal\"}]},{\"@type\":\"WebSite\",\"@id\":\"https:\/\/www.lisbonfivestars.pt\/fr\/#website\",\"url\":\"https:\/\/www.lisbonfivestars.pt\/fr\/\",\"name\":\"Lisbon Five Stars\",\"description\":\"\",\"potentialAction\":[{\"@type\":\"SearchAction\",\"target\":{\"@type\":\"EntryPoint\",\"urlTemplate\":\"https:\/\/www.lisbonfivestars.pt\/fr\/?s={search_term_string}\"},\"query-input\":{\"@type\":\"PropertyValueSpecification\",\"valueRequired\":true,\"valueName\":\"search_term_string\"}}],\"inLanguage\":\"fr-FR\"}]}<\/script>\n<!-- \/ Yoast SEO plugin. -->","yoast_head_json":{"title":"Five Stars | Acheter un appartement haut de gamme","description":"Vous souhaitez acheter un appartement \u00e0 Lisbonne ou \u00e0 Porto\u00a0? Five Stars dispose de propri\u00e9t\u00e9s haut de gamme, toutes r\u00e9nov\u00e9es selon les normes de qualit\u00e9 les plus strictes.","robots":{"index":"index","follow":"follow","max-snippet":"max-snippet:-1","max-image-preview":"max-image-preview:large","max-video-preview":"max-video-preview:-1"},"canonical":"https:\/\/www.lisbonfivestars.pt\/fr\/investir-au-portugal\/","og_locale":"fr_FR","og_type":"article","og_title":"Five Stars | Acheter un appartement haut de gamme","og_description":"Vous souhaitez acheter un appartement \u00e0 Lisbonne ou \u00e0 Porto\u00a0? Five Stars dispose de propri\u00e9t\u00e9s haut de gamme, toutes r\u00e9nov\u00e9es selon les normes de qualit\u00e9 les plus strictes.","og_url":"https:\/\/www.lisbonfivestars.pt\/fr\/investir-au-portugal\/","og_site_name":"Lisbon Five Stars","article_modified_time":"2023-04-26T12:48:39+00:00","og_image":[{"width":2200,"height":1200,"url":"https:\/\/www.lisbonfivestars.pt\/wp-content\/uploads\/sites\/518\/2023\/02\/Lisbon_Five_stars_baixa_gardens_slide.jpg","type":"image\/jpeg"}],"twitter_card":"summary_large_image","twitter_misc":{"Dur\u00e9e de lecture estim\u00e9e":"1 minute"},"schema":{"@context":"https:\/\/schema.org","@graph":[{"@type":"WebPage","@id":"https:\/\/www.lisbonfivestars.pt\/fr\/investir-au-portugal\/","url":"https:\/\/www.lisbonfivestars.pt\/fr\/investir-au-portugal\/","name":"Five Stars | Acheter un appartement haut de gamme","isPartOf":{"@id":"https:\/\/www.lisbonfivestars.pt\/fr\/#website"},"datePublished":"2023-02-10T15:02:32+00:00","dateModified":"2023-04-26T12:48:39+00:00","description":"Vous souhaitez acheter un appartement \u00e0 Lisbonne ou \u00e0 Porto\u00a0? Five Stars dispose de propri\u00e9t\u00e9s haut de gamme, toutes r\u00e9nov\u00e9es selon les normes de qualit\u00e9 les plus strictes.","breadcrumb":{"@id":"https:\/\/www.lisbonfivestars.pt\/fr\/investir-au-portugal\/#breadcrumb"},"inLanguage":"fr-FR","potentialAction":[{"@type":"ReadAction","target":["https:\/\/www.lisbonfivestars.pt\/fr\/investir-au-portugal\/"]}]},{"@type":"BreadcrumbList","@id":"https:\/\/www.lisbonfivestars.pt\/fr\/investir-au-portugal\/#breadcrumb","itemListElement":[{"@type":"ListItem","position":1,"name":"Home","item":"https:\/\/www.lisbonfivestars.pt\/fr\/"},{"@type":"ListItem","position":2,"name":"Investir au Portugal"}]},{"@type":"WebSite","@id":"https:\/\/www.lisbonfivestars.pt\/fr\/#website","url":"https:\/\/www.lisbonfivestars.pt\/fr\/","name":"Lisbon Five Stars","description":"","potentialAction":[{"@type":"SearchAction","target":{"@type":"EntryPoint","urlTemplate":"https:\/\/www.lisbonfivestars.pt\/fr\/?s={search_term_string}"},"query-input":{"@type":"PropertyValueSpecification","valueRequired":true,"valueName":"search_term_string"}}],"inLanguage":"fr-FR"}]}},"acf":[],"_links":{"self":[{"href":"https:\/\/www.lisbonfivestars.pt\/fr\/wp-json\/wp\/v2\/pages\/1031","targetHints":{"allow":["GET"]}}],"collection":[{"href":"https:\/\/www.lisbonfivestars.pt\/fr\/wp-json\/wp\/v2\/pages"}],"about":[{"href":"https:\/\/www.lisbonfivestars.pt\/fr\/wp-json\/wp\/v2\/types\/page"}],"author":[{"embeddable":true,"href":"https:\/\/www.lisbonfivestars.pt\/fr\/wp-json\/wp\/v2\/users\/36"}],"replies":[{"embeddable":true,"href":"https:\/\/www.lisbonfivestars.pt\/fr\/wp-json\/wp\/v2\/comments?post=1031"}],"version-history":[{"count":0,"href":"https:\/\/www.lisbonfivestars.pt\/fr\/wp-json\/wp\/v2\/pages\/1031\/revisions"}],"wp:attachment":[{"href":"https:\/\/www.lisbonfivestars.pt\/fr\/wp-json\/wp\/v2\/media?parent=1031"}],"curies":[{"name":"wp","href":"https:\/\/api.w.org\/{rel}","templated":true}]}}