{"id":1036,"date":"2023-02-10T13:54:09","date_gmt":"2023-02-10T13:54:09","guid":{"rendered":"https:\/\/www.lisbonfivestars.pt\/five-star-service\/"},"modified":"2025-04-14T13:58:15","modified_gmt":"2025-04-14T13:58:15","slug":"five-star-service","status":"publish","type":"page","link":"https:\/\/www.lisbonfivestars.pt\/fr\/five-star-service\/","title":{"rendered":"Five Star Service"},"content":{"rendered":"<p>Lorsque nous disons que nous voulons que vous vous sentiez comme chez vous, nous le pensons vraiment. Nos Services sp\u00e9ciaux sont con\u00e7us pour rendre votre vie quotidienne aussi simple que possible, tout en y ajoutant de petits luxes ici et l\u00e0. Nous pensons qu\u2019il s\u2019agit l\u00e0 de certaines des meilleures choses de la vie. Nous pensons que chaque d\u00e9tail compte.<\/p>\n","protected":false},"excerpt":{"rendered":"<p>Lorsque nous disons que nous voulons que vous vous sentiez comme chez vous, nous le pensons vraiment. Nos Services sp\u00e9ciaux sont con\u00e7us pour rendre votre vie quotidienne aussi simple que possible, tout en y ajoutant de petits luxes ici et l\u00e0. Nous pensons qu\u2019il s\u2019agit l\u00e0 de certaines des meilleures choses de la vie. Nous [&hellip;]<\/p>\n","protected":false},"author":36,"featured_media":0,"parent":0,"menu_order":40,"comment_status":"closed","ping_status":"closed","template":"","meta":{"footnotes":""},"class_list":["post-1036","page","type-page","status-publish","hentry"],"yoast_head":"<!-- This site is optimized with the Yoast SEO plugin v26.9 - https:\/\/yoast.com\/product\/yoast-seo-wordpress\/ -->\n<title>Five Stars | Services sp\u00e9ciaux<\/title>\n<meta name=\"description\" content=\"Qu\u2019il s\u2019agisse de petites ou de grandes t\u00e2ches, chez Five Stars, notre \u00e9quipe est toujours pr\u00eate \u00e0 fournir une s\u00e9rie de services sp\u00e9ciaux\u00a0: il vous suffit de demander.\" \/>\n<meta name=\"robots\" content=\"index, follow, max-snippet:-1, max-image-preview:large, max-video-preview:-1\" \/>\n<link rel=\"canonical\" href=\"https:\/\/www.lisbonfivestars.pt\/fr\/five-star-service\/\" \/>\n<meta property=\"og:locale\" content=\"fr_FR\" \/>\n<meta property=\"og:type\" content=\"article\" \/>\n<meta property=\"og:title\" content=\"Five Stars | Services sp\u00e9ciaux\" \/>\n<meta property=\"og:description\" content=\"Qu\u2019il s\u2019agisse de petites ou de grandes t\u00e2ches, chez Five Stars, notre \u00e9quipe est toujours pr\u00eate \u00e0 fournir une s\u00e9rie de services sp\u00e9ciaux\u00a0: il vous suffit de demander.\" \/>\n<meta property=\"og:url\" content=\"https:\/\/www.lisbonfivestars.pt\/fr\/five-star-service\/\" \/>\n<meta property=\"og:site_name\" content=\"Lisbon Five Stars\" \/>\n<meta property=\"article:modified_time\" content=\"2025-04-14T13:58:15+00:00\" \/>\n<meta property=\"og:image\" content=\"https:\/\/www.lisbonfivestars.pt\/wp-content\/uploads\/sites\/518\/2023\/02\/Lisbon_Five_stars_baixa_gardens_slide.jpg\" \/>\n\t<meta property=\"og:image:width\" content=\"2200\" \/>\n\t<meta property=\"og:image:height\" content=\"1200\" \/>\n\t<meta property=\"og:image:type\" content=\"image\/jpeg\" \/>\n<meta name=\"twitter:card\" content=\"summary_large_image\" \/>\n<meta name=\"twitter:label1\" content=\"Dur\u00e9e de lecture estim\u00e9e\" \/>\n\t<meta name=\"twitter:data1\" content=\"1 minute\" \/>\n<script type=\"application\/ld+json\" class=\"yoast-schema-graph\">{\"@context\":\"https:\/\/schema.org\",\"@graph\":[{\"@type\":\"WebPage\",\"@id\":\"https:\/\/www.lisbonfivestars.pt\/fr\/five-star-service\/\",\"url\":\"https:\/\/www.lisbonfivestars.pt\/fr\/five-star-service\/\",\"name\":\"Five Stars | Services sp\u00e9ciaux\",\"isPartOf\":{\"@id\":\"https:\/\/www.lisbonfivestars.pt\/fr\/#website\"},\"datePublished\":\"2023-02-10T13:54:09+00:00\",\"dateModified\":\"2025-04-14T13:58:15+00:00\",\"description\":\"Qu\u2019il s\u2019agisse de petites ou de grandes t\u00e2ches, chez Five Stars, notre \u00e9quipe est toujours pr\u00eate \u00e0 fournir une s\u00e9rie de services sp\u00e9ciaux\u00a0: il vous suffit de demander.\",\"breadcrumb\":{\"@id\":\"https:\/\/www.lisbonfivestars.pt\/fr\/five-star-service\/#breadcrumb\"},\"inLanguage\":\"fr-FR\",\"potentialAction\":[{\"@type\":\"ReadAction\",\"target\":[\"https:\/\/www.lisbonfivestars.pt\/fr\/five-star-service\/\"]}]},{\"@type\":\"BreadcrumbList\",\"@id\":\"https:\/\/www.lisbonfivestars.pt\/fr\/five-star-service\/#breadcrumb\",\"itemListElement\":[{\"@type\":\"ListItem\",\"position\":1,\"name\":\"Home\",\"item\":\"https:\/\/www.lisbonfivestars.pt\/fr\/\"},{\"@type\":\"ListItem\",\"position\":2,\"name\":\"Five Star Service\"}]},{\"@type\":\"WebSite\",\"@id\":\"https:\/\/www.lisbonfivestars.pt\/fr\/#website\",\"url\":\"https:\/\/www.lisbonfivestars.pt\/fr\/\",\"name\":\"Lisbon Five Stars\",\"description\":\"\",\"potentialAction\":[{\"@type\":\"SearchAction\",\"target\":{\"@type\":\"EntryPoint\",\"urlTemplate\":\"https:\/\/www.lisbonfivestars.pt\/fr\/?s={search_term_string}\"},\"query-input\":{\"@type\":\"PropertyValueSpecification\",\"valueRequired\":true,\"valueName\":\"search_term_string\"}}],\"inLanguage\":\"fr-FR\"}]}<\/script>\n<!-- \/ Yoast SEO plugin. -->","yoast_head_json":{"title":"Five Stars | Services sp\u00e9ciaux","description":"Qu\u2019il s\u2019agisse de petites ou de grandes t\u00e2ches, chez Five Stars, notre \u00e9quipe est toujours pr\u00eate \u00e0 fournir une s\u00e9rie de services sp\u00e9ciaux\u00a0: il vous suffit de demander.","robots":{"index":"index","follow":"follow","max-snippet":"max-snippet:-1","max-image-preview":"max-image-preview:large","max-video-preview":"max-video-preview:-1"},"canonical":"https:\/\/www.lisbonfivestars.pt\/fr\/five-star-service\/","og_locale":"fr_FR","og_type":"article","og_title":"Five Stars | Services sp\u00e9ciaux","og_description":"Qu\u2019il s\u2019agisse de petites ou de grandes t\u00e2ches, chez Five Stars, notre \u00e9quipe est toujours pr\u00eate \u00e0 fournir une s\u00e9rie de services sp\u00e9ciaux\u00a0: il vous suffit de demander.","og_url":"https:\/\/www.lisbonfivestars.pt\/fr\/five-star-service\/","og_site_name":"Lisbon Five Stars","article_modified_time":"2025-04-14T13:58:15+00:00","og_image":[{"width":2200,"height":1200,"url":"https:\/\/www.lisbonfivestars.pt\/wp-content\/uploads\/sites\/518\/2023\/02\/Lisbon_Five_stars_baixa_gardens_slide.jpg","type":"image\/jpeg"}],"twitter_card":"summary_large_image","twitter_misc":{"Dur\u00e9e de lecture estim\u00e9e":"1 minute"},"schema":{"@context":"https:\/\/schema.org","@graph":[{"@type":"WebPage","@id":"https:\/\/www.lisbonfivestars.pt\/fr\/five-star-service\/","url":"https:\/\/www.lisbonfivestars.pt\/fr\/five-star-service\/","name":"Five Stars | Services sp\u00e9ciaux","isPartOf":{"@id":"https:\/\/www.lisbonfivestars.pt\/fr\/#website"},"datePublished":"2023-02-10T13:54:09+00:00","dateModified":"2025-04-14T13:58:15+00:00","description":"Qu\u2019il s\u2019agisse de petites ou de grandes t\u00e2ches, chez Five Stars, notre \u00e9quipe est toujours pr\u00eate \u00e0 fournir une s\u00e9rie de services sp\u00e9ciaux\u00a0: il vous suffit de demander.","breadcrumb":{"@id":"https:\/\/www.lisbonfivestars.pt\/fr\/five-star-service\/#breadcrumb"},"inLanguage":"fr-FR","potentialAction":[{"@type":"ReadAction","target":["https:\/\/www.lisbonfivestars.pt\/fr\/five-star-service\/"]}]},{"@type":"BreadcrumbList","@id":"https:\/\/www.lisbonfivestars.pt\/fr\/five-star-service\/#breadcrumb","itemListElement":[{"@type":"ListItem","position":1,"name":"Home","item":"https:\/\/www.lisbonfivestars.pt\/fr\/"},{"@type":"ListItem","position":2,"name":"Five Star Service"}]},{"@type":"WebSite","@id":"https:\/\/www.lisbonfivestars.pt\/fr\/#website","url":"https:\/\/www.lisbonfivestars.pt\/fr\/","name":"Lisbon Five Stars","description":"","potentialAction":[{"@type":"SearchAction","target":{"@type":"EntryPoint","urlTemplate":"https:\/\/www.lisbonfivestars.pt\/fr\/?s={search_term_string}"},"query-input":{"@type":"PropertyValueSpecification","valueRequired":true,"valueName":"search_term_string"}}],"inLanguage":"fr-FR"}]}},"acf":[],"_links":{"self":[{"href":"https:\/\/www.lisbonfivestars.pt\/fr\/wp-json\/wp\/v2\/pages\/1036","targetHints":{"allow":["GET"]}}],"collection":[{"href":"https:\/\/www.lisbonfivestars.pt\/fr\/wp-json\/wp\/v2\/pages"}],"about":[{"href":"https:\/\/www.lisbonfivestars.pt\/fr\/wp-json\/wp\/v2\/types\/page"}],"author":[{"embeddable":true,"href":"https:\/\/www.lisbonfivestars.pt\/fr\/wp-json\/wp\/v2\/users\/36"}],"replies":[{"embeddable":true,"href":"https:\/\/www.lisbonfivestars.pt\/fr\/wp-json\/wp\/v2\/comments?post=1036"}],"version-history":[{"count":0,"href":"https:\/\/www.lisbonfivestars.pt\/fr\/wp-json\/wp\/v2\/pages\/1036\/revisions"}],"wp:attachment":[{"href":"https:\/\/www.lisbonfivestars.pt\/fr\/wp-json\/wp\/v2\/media?parent=1036"}],"curies":[{"name":"wp","href":"https:\/\/api.w.org\/{rel}","templated":true}]}}