{"id":1183,"date":"2025-05-28T14:14:35","date_gmt":"2025-05-28T14:14:35","guid":{"rendered":"https:\/\/www.lisbonfivestars.pt\/?page_id=1183"},"modified":"2025-05-28T14:15:44","modified_gmt":"2025-05-28T14:15:44","slug":"avis-des-clients","status":"publish","type":"page","link":"https:\/\/www.lisbonfivestars.pt\/fr\/avis-des-clients\/","title":{"rendered":"Avis des clients"},"content":{"rendered":"<p><strong>Merci d&rsquo;avoir choisi le Lisbon Five Stars lors de votre r\u00e9cente visite \u00e0 Lisbonne.<\/strong><br \/>\n<strong>Vos commentaires sont tr\u00e8s importants pour nous. N&rsquo;h\u00e9sitez pas \u00e0 nous faire part de votre exp\u00e9rience.<\/strong><\/p>\n\n                <div class='gf_browser_gecko gform_wrapper' id='gform_wrapper_8' ><div id='gf_8' class='gform_anchor' tabindex='-1'><\/div><form method='post' enctype='multipart\/form-data' target='gform_ajax_frame_8' id='gform_8'  action='\/fr\/wp-json\/wp\/v2\/pages\/1183#gf_8'>\n                        <div class='gform_body'><ul id='gform_fields_8' class='gform_fields top_label form_sublabel_below description_below'><li id='field_8_1'  class='gfield field_sublabel_below field_description_below gfield_visibility_visible' ><label class='gfield_label' for='input_8_1' >Nom<\/label><div class='ginput_container ginput_container_text'><input name='input_1' id='input_8_1' type='text' value='' class='medium'      aria-invalid=\"false\" \/><\/div><\/li><li id='field_8_2'  class='gfield field_sublabel_below field_description_below gfield_visibility_visible' ><label class='gfield_label' for='input_8_2' >E-mail<\/label><div class='ginput_container ginput_container_email'>\n                            <input name='input_2' id='input_8_2' type='text' value='' class='medium'     aria-invalid=\"false\" \/>\n                        <\/div><\/li><li id='field_8_3'  class='gfield field_sublabel_below field_description_below gfield_visibility_visible' ><label class='gfield_label' for='input_8_3' >Choisissez l&#039;appartement dans lequel vous avez s\u00e9journ\u00e9 :<\/label><div class='ginput_container ginput_container_select'><select name='input_3' id='input_8_3' class='medium gfield_select'    aria-invalid=\"false\"><option value='' selected='selected' class='gf_placeholder'>S\u00e9lectionnez votre b\u00e2timent<\/option><option value='8 Building' >8 Building<\/option><option value='Bica' >Bica<\/option><option value='Combro 77' >Combro 77<\/option><option value='Combro 7' >Combro 7<\/option><option value='S\u00e3o Juli\u00e3o 72' >S\u00e3o Juli\u00e3o 72<\/option><option value='S\u00e3o Paulo 55' >S\u00e3o Paulo 55<\/option><option value='Alcantara Lofts' >Alcantara Lofts<\/option><\/select><\/div><\/li><li id='field_8_6'  class='gfield field_sublabel_below field_description_below hidden_label gfield_visibility_visible' ><label class='gfield_label' for='input_8_6' >Star Rates<\/label><div class=\"ginput_container ginput_container_star_rating\"><div class=\"star-rating-wrapper\"><input type=\"radio\" name=\"input_6\" id=\"input_8_6_1\" value=\"1\"    \/><label for=\"input_8_6_1\" class=\"star-rating-star\" data-star-value=\"1\">&#9733;<\/label><input type=\"radio\" name=\"input_6\" id=\"input_8_6_2\" value=\"2\"    \/><label for=\"input_8_6_2\" class=\"star-rating-star\" data-star-value=\"2\">&#9733;<\/label><input type=\"radio\" name=\"input_6\" id=\"input_8_6_3\" value=\"3\"    \/><label for=\"input_8_6_3\" class=\"star-rating-star\" data-star-value=\"3\">&#9733;<\/label><input type=\"radio\" name=\"input_6\" id=\"input_8_6_4\" value=\"4\"    \/><label for=\"input_8_6_4\" class=\"star-rating-star\" data-star-value=\"4\">&#9733;<\/label><input type=\"radio\" name=\"input_6\" id=\"input_8_6_5\" value=\"5\"    \/><label for=\"input_8_6_5\" class=\"star-rating-star\" data-star-value=\"5\">&#9733;<\/label><\/div><\/div><\/li><li id='field_8_4'  class='gfield field_sublabel_below field_description_below gfield_visibility_visible' ><label class='gfield_label' for='input_8_4' >Comment s&#039;est d\u00e9roul\u00e9 votre s\u00e9jour ? Faites-nous en part<\/label><div class='ginput_container ginput_container_textarea'><textarea name='input_4' id='input_8_4' class='textarea medium'      aria-invalid=\"false\"   rows='10' cols='50'><\/textarea><\/div><\/li><li id='field_8_5'  class='gfield field_sublabel_below field_description_below gfield_visibility_visible' ><label class='gfield_label' for='input_8_5' ><\/label><div id='input_8_5' class='ginput_container ginput_recaptcha' data-sitekey='6Le6r1olAAAAAH39JDMO28Ca5hvj7okjYNLpgDsC'  data-theme='light' data-tabindex='-1' data-size='invisible' data-badge='bottomright'><\/div><\/li><li id='field_8_7'  class='gfield gform_validation_container field_sublabel_below field_description_below gfield_visibility_visible' ><label class='gfield_label' for='input_8_7' >Phone<\/label><div class='ginput_container'><input name='input_7' id='input_8_7' type='text' value='' \/><\/div><div class='gfield_description' id='gfield_description_8_7'>This field is for validation purposes and should be left unchanged.<\/div><\/li>\n                            <\/ul><\/div>\n        <div class='gform_footer top_label'> <input type='submit' id='gform_submit_button_8' class='gform_button button' value='Envoyer'  onclick='if(window[\"gf_submitting_8\"]){return false;}  window[\"gf_submitting_8\"]=true;  ' onkeypress='if( event.keyCode == 13 ){ if(window[\"gf_submitting_8\"]){return false;} window[\"gf_submitting_8\"]=true;  jQuery(\"#gform_8\").trigger(\"submit\",[true]); }' \/> <input type='hidden' name='gform_ajax' value='form_id=8&amp;title=&amp;description=&amp;tabindex=0' \/>\n            <input type='hidden' class='gform_hidden' name='is_submit_8' value='1' \/>\n            <input type='hidden' class='gform_hidden' name='gform_submit' value='8' \/>\n            \n            <input type='hidden' class='gform_hidden' name='gform_unique_id' value='' \/>\n            <input type='hidden' class='gform_hidden' name='state_8' value='WyJbXSIsIjMzYmYyMWNkYTJhNzA4YTM1YzdlNzFmY2RiNzcyYTQwIl0=' \/>\n            <input type='hidden' class='gform_hidden' name='gform_target_page_number_8' id='gform_target_page_number_8' value='0' \/>\n            <input type='hidden' class='gform_hidden' name='gform_source_page_number_8' id='gform_source_page_number_8' value='1' \/>\n            <input type='hidden' name='gform_field_values' value='' \/>\n            \n        <\/div>\n                        <\/form>\n                        <\/div>\n                <iframe style='display:none;width:0px;height:0px;' src='about:blank' name='gform_ajax_frame_8' id='gform_ajax_frame_8' title='This iframe contains the logic required to handle Ajax powered Gravity Forms.'><\/iframe>\n                <script type='text\/javascript'>jQuery(document).ready(function($){gformInitSpinner( 8, 'data:image\/gif;base64,R0lGODlhAQABAIAAAAAAAP\/\/\/yH5BAEAAAAALAAAAAABAAEAAAIBRAA7' );jQuery('#gform_ajax_frame_8').on('load',function(){var contents = jQuery(this).contents().find('*').html();var is_postback = contents.indexOf('GF_AJAX_POSTBACK') >= 0;if(!is_postback){return;}var form_content = jQuery(this).contents().find('#gform_wrapper_8');var is_confirmation = jQuery(this).contents().find('#gform_confirmation_wrapper_8').length > 0;var is_redirect = contents.indexOf('gformRedirect(){') >= 0;var is_form = form_content.length > 0 && ! is_redirect && ! is_confirmation;var mt = parseInt(jQuery('html').css('margin-top'), 10) + parseInt(jQuery('body').css('margin-top'), 10) + 100;if(is_form){jQuery('#gform_wrapper_8').html(form_content.html());if(form_content.hasClass('gform_validation_error')){jQuery('#gform_wrapper_8').addClass('gform_validation_error');} else {jQuery('#gform_wrapper_8').removeClass('gform_validation_error');}setTimeout( function() { \/* delay the scroll by 50 milliseconds to fix a bug in chrome *\/ jQuery(document).scrollTop(jQuery('#gform_wrapper_8').offset().top - mt); }, 50 );if(window['gformInitDatepicker']) {gformInitDatepicker();}if(window['gformInitPriceFields']) {gformInitPriceFields();}var current_page = jQuery('#gform_source_page_number_8').val();gformInitSpinner( 8, 'data:image\/gif;base64,R0lGODlhAQABAIAAAAAAAP\/\/\/yH5BAEAAAAALAAAAAABAAEAAAIBRAA7' );jQuery(document).trigger('gform_page_loaded', [8, current_page]);window['gf_submitting_8'] = false;}else if(!is_redirect){var confirmation_content = jQuery(this).contents().find('.GF_AJAX_POSTBACK').html();if(!confirmation_content){confirmation_content = contents;}setTimeout(function(){jQuery('#gform_wrapper_8').replaceWith(confirmation_content);jQuery(document).scrollTop(jQuery('#gf_8').offset().top - mt);jQuery(document).trigger('gform_confirmation_loaded', [8]);window['gf_submitting_8'] = false;}, 50);}else{jQuery('#gform_8').append(contents);if(window['gformRedirect']) {gformRedirect();}}jQuery(document).trigger('gform_post_render', [8, current_page]);} );} );<\/script><script type='text\/javascript'> jQuery(document).bind('gform_post_render', function(event, formId, currentPage){if(formId == 8) {if(typeof Placeholders != 'undefined'){\n                        Placeholders.enable();\n                    }} } );jQuery(document).bind('gform_post_conditional_logic', function(event, formId, fields, isInit){} );<\/script><script type='text\/javascript'> jQuery(document).ready(function(){jQuery(document).trigger('gform_post_render', [8, 1]) } ); <\/script>\n","protected":false},"excerpt":{"rendered":"<p>Merci d&rsquo;avoir choisi le Lisbon Five Stars lors de votre r\u00e9cente visite \u00e0 Lisbonne. Vos commentaires sont tr\u00e8s importants pour nous. N&rsquo;h\u00e9sitez pas \u00e0 nous faire part de votre exp\u00e9rience.<\/p>\n","protected":false},"author":36,"featured_media":0,"parent":0,"menu_order":0,"comment_status":"closed","ping_status":"closed","template":"","meta":{"footnotes":""},"class_list":["post-1183","page","type-page","status-publish","hentry"],"yoast_head":"<!-- This site is optimized with the Yoast SEO plugin v26.9 - https:\/\/yoast.com\/product\/yoast-seo-wordpress\/ -->\n<title>Avis des clients - Lisbon Five Stars -<\/title>\n<meta name=\"description\" content=\"Merci d&#039;avoir choisi le Lisbon Five Stars lors de votre r\u00e9cente visite \u00e0 Lisbonne. Vos commentaires sont tr\u00e8s importants pour nous. N&#039;h\u00e9sitez pas \u00e0 nous faire part de votre exp\u00e9rience.  [gravityform id=&quot;8&quot; title=&quot;false&quot; description=&quot;false&quot; ajax=&quot;true&quot;]\" \/>\n<meta name=\"robots\" content=\"index, follow, max-snippet:-1, max-image-preview:large, max-video-preview:-1\" \/>\n<link rel=\"canonical\" href=\"https:\/\/www.lisbonfivestars.pt\/fr\/avis-des-clients\/\" \/>\n<meta property=\"og:locale\" content=\"fr_FR\" \/>\n<meta property=\"og:type\" content=\"article\" \/>\n<meta property=\"og:title\" content=\"Avis des clients - Lisbon Five Stars -\" \/>\n<meta property=\"og:description\" content=\"Merci d&#039;avoir choisi le Lisbon Five Stars lors de votre r\u00e9cente visite \u00e0 Lisbonne. Vos commentaires sont tr\u00e8s importants pour nous. N&#039;h\u00e9sitez pas \u00e0 nous faire part de votre exp\u00e9rience.  [gravityform id=&quot;8&quot; title=&quot;false&quot; description=&quot;false&quot; ajax=&quot;true&quot;]\" \/>\n<meta property=\"og:url\" content=\"https:\/\/www.lisbonfivestars.pt\/fr\/avis-des-clients\/\" \/>\n<meta property=\"og:site_name\" content=\"Lisbon Five Stars\" \/>\n<meta property=\"article:modified_time\" content=\"2025-05-28T14:15:44+00:00\" \/>\n<meta property=\"og:image\" content=\"https:\/\/www.lisbonfivestars.pt\/wp-content\/uploads\/sites\/518\/2023\/02\/Lisbon_Five_stars_baixa_gardens_slide.jpg\" \/>\n\t<meta property=\"og:image:width\" content=\"2200\" \/>\n\t<meta property=\"og:image:height\" content=\"1200\" \/>\n\t<meta property=\"og:image:type\" content=\"image\/jpeg\" \/>\n<meta name=\"twitter:card\" content=\"summary_large_image\" \/>\n<meta name=\"twitter:label1\" content=\"Dur\u00e9e de lecture estim\u00e9e\" \/>\n\t<meta name=\"twitter:data1\" content=\"1 minute\" \/>\n<script type=\"application\/ld+json\" class=\"yoast-schema-graph\">{\"@context\":\"https:\/\/schema.org\",\"@graph\":[{\"@type\":\"WebPage\",\"@id\":\"https:\/\/www.lisbonfivestars.pt\/fr\/avis-des-clients\/\",\"url\":\"https:\/\/www.lisbonfivestars.pt\/fr\/avis-des-clients\/\",\"name\":\"Avis des clients - Lisbon Five Stars -\",\"isPartOf\":{\"@id\":\"https:\/\/www.lisbonfivestars.pt\/fr\/#website\"},\"datePublished\":\"2025-05-28T14:14:35+00:00\",\"dateModified\":\"2025-05-28T14:15:44+00:00\",\"description\":\"Merci d'avoir choisi le Lisbon Five Stars lors de votre r\u00e9cente visite \u00e0 Lisbonne. Vos commentaires sont tr\u00e8s importants pour nous. N'h\u00e9sitez pas \u00e0 nous faire part de votre exp\u00e9rience. [gravityform id=\\\"8\\\" title=\\\"false\\\" description=\\\"false\\\" ajax=\\\"true\\\"]\",\"breadcrumb\":{\"@id\":\"https:\/\/www.lisbonfivestars.pt\/fr\/avis-des-clients\/#breadcrumb\"},\"inLanguage\":\"fr-FR\",\"potentialAction\":[{\"@type\":\"ReadAction\",\"target\":[\"https:\/\/www.lisbonfivestars.pt\/fr\/avis-des-clients\/\"]}]},{\"@type\":\"BreadcrumbList\",\"@id\":\"https:\/\/www.lisbonfivestars.pt\/fr\/avis-des-clients\/#breadcrumb\",\"itemListElement\":[{\"@type\":\"ListItem\",\"position\":1,\"name\":\"Home\",\"item\":\"https:\/\/www.lisbonfivestars.pt\/fr\/\"},{\"@type\":\"ListItem\",\"position\":2,\"name\":\"Avis des clients\"}]},{\"@type\":\"WebSite\",\"@id\":\"https:\/\/www.lisbonfivestars.pt\/fr\/#website\",\"url\":\"https:\/\/www.lisbonfivestars.pt\/fr\/\",\"name\":\"Lisbon Five Stars\",\"description\":\"\",\"potentialAction\":[{\"@type\":\"SearchAction\",\"target\":{\"@type\":\"EntryPoint\",\"urlTemplate\":\"https:\/\/www.lisbonfivestars.pt\/fr\/?s={search_term_string}\"},\"query-input\":{\"@type\":\"PropertyValueSpecification\",\"valueRequired\":true,\"valueName\":\"search_term_string\"}}],\"inLanguage\":\"fr-FR\"}]}<\/script>\n<!-- \/ Yoast SEO plugin. -->","yoast_head_json":{"title":"Avis des clients - Lisbon Five Stars -","description":"Merci d'avoir choisi le Lisbon Five Stars lors de votre r\u00e9cente visite \u00e0 Lisbonne. Vos commentaires sont tr\u00e8s importants pour nous. N'h\u00e9sitez pas \u00e0 nous faire part de votre exp\u00e9rience.  [gravityform id=\"8\" title=\"false\" description=\"false\" ajax=\"true\"]","robots":{"index":"index","follow":"follow","max-snippet":"max-snippet:-1","max-image-preview":"max-image-preview:large","max-video-preview":"max-video-preview:-1"},"canonical":"https:\/\/www.lisbonfivestars.pt\/fr\/avis-des-clients\/","og_locale":"fr_FR","og_type":"article","og_title":"Avis des clients - Lisbon Five Stars -","og_description":"Merci d'avoir choisi le Lisbon Five Stars lors de votre r\u00e9cente visite \u00e0 Lisbonne. Vos commentaires sont tr\u00e8s importants pour nous. N'h\u00e9sitez pas \u00e0 nous faire part de votre exp\u00e9rience.  [gravityform id=\"8\" title=\"false\" description=\"false\" ajax=\"true\"]","og_url":"https:\/\/www.lisbonfivestars.pt\/fr\/avis-des-clients\/","og_site_name":"Lisbon Five Stars","article_modified_time":"2025-05-28T14:15:44+00:00","og_image":[{"width":2200,"height":1200,"url":"https:\/\/www.lisbonfivestars.pt\/wp-content\/uploads\/sites\/518\/2023\/02\/Lisbon_Five_stars_baixa_gardens_slide.jpg","type":"image\/jpeg"}],"twitter_card":"summary_large_image","twitter_misc":{"Dur\u00e9e de lecture estim\u00e9e":"1 minute"},"schema":{"@context":"https:\/\/schema.org","@graph":[{"@type":"WebPage","@id":"https:\/\/www.lisbonfivestars.pt\/fr\/avis-des-clients\/","url":"https:\/\/www.lisbonfivestars.pt\/fr\/avis-des-clients\/","name":"Avis des clients - Lisbon Five Stars -","isPartOf":{"@id":"https:\/\/www.lisbonfivestars.pt\/fr\/#website"},"datePublished":"2025-05-28T14:14:35+00:00","dateModified":"2025-05-28T14:15:44+00:00","description":"Merci d'avoir choisi le Lisbon Five Stars lors de votre r\u00e9cente visite \u00e0 Lisbonne. Vos commentaires sont tr\u00e8s importants pour nous. N'h\u00e9sitez pas \u00e0 nous faire part de votre exp\u00e9rience. [gravityform id=\"8\" title=\"false\" description=\"false\" ajax=\"true\"]","breadcrumb":{"@id":"https:\/\/www.lisbonfivestars.pt\/fr\/avis-des-clients\/#breadcrumb"},"inLanguage":"fr-FR","potentialAction":[{"@type":"ReadAction","target":["https:\/\/www.lisbonfivestars.pt\/fr\/avis-des-clients\/"]}]},{"@type":"BreadcrumbList","@id":"https:\/\/www.lisbonfivestars.pt\/fr\/avis-des-clients\/#breadcrumb","itemListElement":[{"@type":"ListItem","position":1,"name":"Home","item":"https:\/\/www.lisbonfivestars.pt\/fr\/"},{"@type":"ListItem","position":2,"name":"Avis des clients"}]},{"@type":"WebSite","@id":"https:\/\/www.lisbonfivestars.pt\/fr\/#website","url":"https:\/\/www.lisbonfivestars.pt\/fr\/","name":"Lisbon Five Stars","description":"","potentialAction":[{"@type":"SearchAction","target":{"@type":"EntryPoint","urlTemplate":"https:\/\/www.lisbonfivestars.pt\/fr\/?s={search_term_string}"},"query-input":{"@type":"PropertyValueSpecification","valueRequired":true,"valueName":"search_term_string"}}],"inLanguage":"fr-FR"}]}},"acf":[],"_links":{"self":[{"href":"https:\/\/www.lisbonfivestars.pt\/fr\/wp-json\/wp\/v2\/pages\/1183","targetHints":{"allow":["GET"]}}],"collection":[{"href":"https:\/\/www.lisbonfivestars.pt\/fr\/wp-json\/wp\/v2\/pages"}],"about":[{"href":"https:\/\/www.lisbonfivestars.pt\/fr\/wp-json\/wp\/v2\/types\/page"}],"author":[{"embeddable":true,"href":"https:\/\/www.lisbonfivestars.pt\/fr\/wp-json\/wp\/v2\/users\/36"}],"replies":[{"embeddable":true,"href":"https:\/\/www.lisbonfivestars.pt\/fr\/wp-json\/wp\/v2\/comments?post=1183"}],"version-history":[{"count":0,"href":"https:\/\/www.lisbonfivestars.pt\/fr\/wp-json\/wp\/v2\/pages\/1183\/revisions"}],"wp:attachment":[{"href":"https:\/\/www.lisbonfivestars.pt\/fr\/wp-json\/wp\/v2\/media?parent=1183"}],"curies":[{"name":"wp","href":"https:\/\/api.w.org\/{rel}","templated":true}]}}