{"id":624,"date":"2023-01-27T13:36:20","date_gmt":"2023-01-27T13:36:20","guid":{"rendered":"https:\/\/lisbonfivestars.ms.decms.eu\/about-us\/"},"modified":"2025-06-05T14:50:53","modified_gmt":"2025-06-05T14:50:53","slug":"a-propos-de-nous","status":"publish","type":"page","link":"https:\/\/www.lisbonfivestars.pt\/fr\/a-propos-de-nous\/","title":{"rendered":"\u00c0 propos de nous"},"content":{"rendered":"<p>Nous sommes des passionn\u00e9s d\u2019architecture, de design et d\u2019int\u00e9rieurs.<br \/>\nNous nous effor\u00e7ons de cr\u00e9er des espaces accueillants.<br \/>\nNous avons le sens du d\u00e9tail, du style et du confort.<br \/>\nL\u2019histoire, la tradition et la culture nous font vibrer.<br \/>\nNotre passion est de proposer des exp\u00e9riences ayant une \u00e2me.<br \/>\nNous adorons aider les autres \u00e0 cr\u00e9er des souvenirs inoubliables.<\/p>\n<p>Nos immeubles impeccablement r\u00e9nov\u00e9s avec des appartements intemporels et contemporains au c\u0153ur de Lisbonne et de Porto en sont la preuve vivante.<\/p>\n<p>La porte est ouverte, veuillez entrer.<\/p>\n","protected":false},"excerpt":{"rendered":"<p>Nous sommes des passionn\u00e9s d\u2019architecture, de design et d\u2019int\u00e9rieurs. Nous nous effor\u00e7ons de cr\u00e9er des espaces accueillants. Nous avons le sens du d\u00e9tail, du style et du confort. L\u2019histoire, la tradition et la culture nous font vibrer. Notre passion est de proposer des exp\u00e9riences ayant une \u00e2me. Nous adorons aider les autres \u00e0 cr\u00e9er des [&hellip;]<\/p>\n","protected":false},"author":36,"featured_media":0,"parent":0,"menu_order":5,"comment_status":"closed","ping_status":"closed","template":"","meta":{"footnotes":""},"class_list":["post-624","page","type-page","status-publish","hentry"],"yoast_head":"<!-- This site is optimized with the Yoast SEO plugin v26.9 - https:\/\/yoast.com\/product\/yoast-seo-wordpress\/ -->\n<title>Five Stars | \u00c0 propos de nous<\/title>\n<meta name=\"description\" content=\"Five Stars propose des appartements intemporels et contemporains dans des immeubles r\u00e9nov\u00e9s pour des s\u00e9jours de courte ou de longue dur\u00e9e au c\u0153ur de Lisbonne et de Porto.\" \/>\n<meta name=\"robots\" content=\"index, follow, max-snippet:-1, max-image-preview:large, max-video-preview:-1\" \/>\n<link rel=\"canonical\" href=\"https:\/\/www.lisbonfivestars.pt\/fr\/a-propos-de-nous\/\" \/>\n<meta property=\"og:locale\" content=\"fr_FR\" \/>\n<meta property=\"og:type\" content=\"article\" \/>\n<meta property=\"og:title\" content=\"Five Stars | \u00c0 propos de nous\" \/>\n<meta property=\"og:description\" content=\"Five Stars propose des appartements intemporels et contemporains dans des immeubles r\u00e9nov\u00e9s pour des s\u00e9jours de courte ou de longue dur\u00e9e au c\u0153ur de Lisbonne et de Porto.\" \/>\n<meta property=\"og:url\" content=\"https:\/\/www.lisbonfivestars.pt\/fr\/a-propos-de-nous\/\" \/>\n<meta property=\"og:site_name\" content=\"Lisbon Five Stars\" \/>\n<meta property=\"article:modified_time\" content=\"2025-06-05T14:50:53+00:00\" \/>\n<meta property=\"og:image\" content=\"https:\/\/www.lisbonfivestars.pt\/wp-content\/uploads\/sites\/518\/2023\/02\/Lisbon_Five_stars_baixa_gardens_slide.jpg\" \/>\n\t<meta property=\"og:image:width\" content=\"2200\" \/>\n\t<meta property=\"og:image:height\" content=\"1200\" \/>\n\t<meta property=\"og:image:type\" content=\"image\/jpeg\" \/>\n<meta name=\"twitter:card\" content=\"summary_large_image\" \/>\n<meta name=\"twitter:label1\" content=\"Dur\u00e9e de lecture estim\u00e9e\" \/>\n\t<meta name=\"twitter:data1\" content=\"1 minute\" \/>\n<script type=\"application\/ld+json\" class=\"yoast-schema-graph\">{\"@context\":\"https:\/\/schema.org\",\"@graph\":[{\"@type\":\"WebPage\",\"@id\":\"https:\/\/www.lisbonfivestars.pt\/fr\/a-propos-de-nous\/\",\"url\":\"https:\/\/www.lisbonfivestars.pt\/fr\/a-propos-de-nous\/\",\"name\":\"Five Stars | \u00c0 propos de nous\",\"isPartOf\":{\"@id\":\"https:\/\/www.lisbonfivestars.pt\/fr\/#website\"},\"datePublished\":\"2023-01-27T13:36:20+00:00\",\"dateModified\":\"2025-06-05T14:50:53+00:00\",\"description\":\"Five Stars propose des appartements intemporels et contemporains dans des immeubles r\u00e9nov\u00e9s pour des s\u00e9jours de courte ou de longue dur\u00e9e au c\u0153ur de Lisbonne et de Porto.\",\"breadcrumb\":{\"@id\":\"https:\/\/www.lisbonfivestars.pt\/fr\/a-propos-de-nous\/#breadcrumb\"},\"inLanguage\":\"fr-FR\",\"potentialAction\":[{\"@type\":\"ReadAction\",\"target\":[\"https:\/\/www.lisbonfivestars.pt\/fr\/a-propos-de-nous\/\"]}]},{\"@type\":\"BreadcrumbList\",\"@id\":\"https:\/\/www.lisbonfivestars.pt\/fr\/a-propos-de-nous\/#breadcrumb\",\"itemListElement\":[{\"@type\":\"ListItem\",\"position\":1,\"name\":\"Home\",\"item\":\"https:\/\/www.lisbonfivestars.pt\/fr\/\"},{\"@type\":\"ListItem\",\"position\":2,\"name\":\"\u00c0 propos de nous\"}]},{\"@type\":\"WebSite\",\"@id\":\"https:\/\/www.lisbonfivestars.pt\/fr\/#website\",\"url\":\"https:\/\/www.lisbonfivestars.pt\/fr\/\",\"name\":\"Lisbon Five Stars\",\"description\":\"\",\"potentialAction\":[{\"@type\":\"SearchAction\",\"target\":{\"@type\":\"EntryPoint\",\"urlTemplate\":\"https:\/\/www.lisbonfivestars.pt\/fr\/?s={search_term_string}\"},\"query-input\":{\"@type\":\"PropertyValueSpecification\",\"valueRequired\":true,\"valueName\":\"search_term_string\"}}],\"inLanguage\":\"fr-FR\"}]}<\/script>\n<!-- \/ Yoast SEO plugin. -->","yoast_head_json":{"title":"Five Stars | \u00c0 propos de nous","description":"Five Stars propose des appartements intemporels et contemporains dans des immeubles r\u00e9nov\u00e9s pour des s\u00e9jours de courte ou de longue dur\u00e9e au c\u0153ur de Lisbonne et de Porto.","robots":{"index":"index","follow":"follow","max-snippet":"max-snippet:-1","max-image-preview":"max-image-preview:large","max-video-preview":"max-video-preview:-1"},"canonical":"https:\/\/www.lisbonfivestars.pt\/fr\/a-propos-de-nous\/","og_locale":"fr_FR","og_type":"article","og_title":"Five Stars | \u00c0 propos de nous","og_description":"Five Stars propose des appartements intemporels et contemporains dans des immeubles r\u00e9nov\u00e9s pour des s\u00e9jours de courte ou de longue dur\u00e9e au c\u0153ur de Lisbonne et de Porto.","og_url":"https:\/\/www.lisbonfivestars.pt\/fr\/a-propos-de-nous\/","og_site_name":"Lisbon Five Stars","article_modified_time":"2025-06-05T14:50:53+00:00","og_image":[{"width":2200,"height":1200,"url":"https:\/\/www.lisbonfivestars.pt\/wp-content\/uploads\/sites\/518\/2023\/02\/Lisbon_Five_stars_baixa_gardens_slide.jpg","type":"image\/jpeg"}],"twitter_card":"summary_large_image","twitter_misc":{"Dur\u00e9e de lecture estim\u00e9e":"1 minute"},"schema":{"@context":"https:\/\/schema.org","@graph":[{"@type":"WebPage","@id":"https:\/\/www.lisbonfivestars.pt\/fr\/a-propos-de-nous\/","url":"https:\/\/www.lisbonfivestars.pt\/fr\/a-propos-de-nous\/","name":"Five Stars | \u00c0 propos de nous","isPartOf":{"@id":"https:\/\/www.lisbonfivestars.pt\/fr\/#website"},"datePublished":"2023-01-27T13:36:20+00:00","dateModified":"2025-06-05T14:50:53+00:00","description":"Five Stars propose des appartements intemporels et contemporains dans des immeubles r\u00e9nov\u00e9s pour des s\u00e9jours de courte ou de longue dur\u00e9e au c\u0153ur de Lisbonne et de Porto.","breadcrumb":{"@id":"https:\/\/www.lisbonfivestars.pt\/fr\/a-propos-de-nous\/#breadcrumb"},"inLanguage":"fr-FR","potentialAction":[{"@type":"ReadAction","target":["https:\/\/www.lisbonfivestars.pt\/fr\/a-propos-de-nous\/"]}]},{"@type":"BreadcrumbList","@id":"https:\/\/www.lisbonfivestars.pt\/fr\/a-propos-de-nous\/#breadcrumb","itemListElement":[{"@type":"ListItem","position":1,"name":"Home","item":"https:\/\/www.lisbonfivestars.pt\/fr\/"},{"@type":"ListItem","position":2,"name":"\u00c0 propos de nous"}]},{"@type":"WebSite","@id":"https:\/\/www.lisbonfivestars.pt\/fr\/#website","url":"https:\/\/www.lisbonfivestars.pt\/fr\/","name":"Lisbon Five Stars","description":"","potentialAction":[{"@type":"SearchAction","target":{"@type":"EntryPoint","urlTemplate":"https:\/\/www.lisbonfivestars.pt\/fr\/?s={search_term_string}"},"query-input":{"@type":"PropertyValueSpecification","valueRequired":true,"valueName":"search_term_string"}}],"inLanguage":"fr-FR"}]}},"acf":[],"_links":{"self":[{"href":"https:\/\/www.lisbonfivestars.pt\/fr\/wp-json\/wp\/v2\/pages\/624","targetHints":{"allow":["GET"]}}],"collection":[{"href":"https:\/\/www.lisbonfivestars.pt\/fr\/wp-json\/wp\/v2\/pages"}],"about":[{"href":"https:\/\/www.lisbonfivestars.pt\/fr\/wp-json\/wp\/v2\/types\/page"}],"author":[{"embeddable":true,"href":"https:\/\/www.lisbonfivestars.pt\/fr\/wp-json\/wp\/v2\/users\/36"}],"replies":[{"embeddable":true,"href":"https:\/\/www.lisbonfivestars.pt\/fr\/wp-json\/wp\/v2\/comments?post=624"}],"version-history":[{"count":0,"href":"https:\/\/www.lisbonfivestars.pt\/fr\/wp-json\/wp\/v2\/pages\/624\/revisions"}],"wp:attachment":[{"href":"https:\/\/www.lisbonfivestars.pt\/fr\/wp-json\/wp\/v2\/media?parent=624"}],"curies":[{"name":"wp","href":"https:\/\/api.w.org\/{rel}","templated":true}]}}