{"id":629,"date":"2023-02-10T13:54:09","date_gmt":"2023-02-10T13:54:09","guid":{"rendered":"https:\/\/lisbonfivestars.ms.decms.eu\/five-star-service\/"},"modified":"2025-04-14T13:56:39","modified_gmt":"2025-04-14T13:56:39","slug":"servicos-especiais","status":"publish","type":"page","link":"https:\/\/www.lisbonfivestars.pt\/pt-pt\/servicos-especiais\/","title":{"rendered":"Servi\u00e7os Especiais"},"content":{"rendered":"<p>Quando dizemos que queremos que se sinta completamente em casa, estamos a falar a s\u00e9rio. Os nossos Servi\u00e7os Especiais s\u00e3o concebidos para simplificar ao m\u00e1ximo o seu dia-a-dia, ao mesmo tempo que acrescentamos pequenos luxos aqui e ali. Acreditamos que estas s\u00e3o algumas das melhores coisas da vida. Acreditamos que cada detalhe conta.<\/p>\n","protected":false},"excerpt":{"rendered":"<p>Quando dizemos que queremos que se sinta completamente em casa, estamos a falar a s\u00e9rio. Os nossos Servi\u00e7os Especiais s\u00e3o concebidos para simplificar ao m\u00e1ximo o seu dia-a-dia, ao mesmo tempo que acrescentamos pequenos luxos aqui e ali. Acreditamos que estas s\u00e3o algumas das melhores coisas da vida. Acreditamos que cada detalhe conta.<\/p>\n","protected":false},"author":36,"featured_media":0,"parent":0,"menu_order":40,"comment_status":"closed","ping_status":"closed","template":"","meta":{"footnotes":""},"class_list":["post-629","page","type-page","status-publish","hentry"],"yoast_head":"<!-- This site is optimized with the Yoast SEO plugin v26.9 - https:\/\/yoast.com\/product\/yoast-seo-wordpress\/ -->\n<title>Five Stars | Servi\u00e7os Especiais<\/title>\n<meta name=\"description\" content=\"Quer sejam pequenas ou grandes tarefas, na Five Stars a nossa equipa est\u00e1 sempre pronta a prestar uma s\u00e9rie de servi\u00e7os especiais: s\u00f3 tem de pedir.\" \/>\n<meta name=\"robots\" content=\"index, follow, max-snippet:-1, max-image-preview:large, max-video-preview:-1\" \/>\n<link rel=\"canonical\" href=\"https:\/\/www.lisbonfivestars.pt\/pt-pt\/servicos-especiais\/\" \/>\n<meta property=\"og:locale\" content=\"pt_PT\" \/>\n<meta property=\"og:type\" content=\"article\" \/>\n<meta property=\"og:title\" content=\"Five Stars | Servi\u00e7os Especiais\" \/>\n<meta property=\"og:description\" content=\"Quer sejam pequenas ou grandes tarefas, na Five Stars a nossa equipa est\u00e1 sempre pronta a prestar uma s\u00e9rie de servi\u00e7os especiais: s\u00f3 tem de pedir.\" \/>\n<meta property=\"og:url\" content=\"https:\/\/www.lisbonfivestars.pt\/pt-pt\/servicos-especiais\/\" \/>\n<meta property=\"og:site_name\" content=\"Lisbon Five Stars\" \/>\n<meta property=\"article:modified_time\" content=\"2025-04-14T13:56:39+00:00\" \/>\n<meta property=\"og:image\" content=\"https:\/\/www.lisbonfivestars.pt\/wp-content\/uploads\/sites\/518\/2023\/02\/Lisbon_Five_stars_baixa_gardens_slide.jpg\" \/>\n\t<meta property=\"og:image:width\" content=\"2200\" \/>\n\t<meta property=\"og:image:height\" content=\"1200\" \/>\n\t<meta property=\"og:image:type\" content=\"image\/jpeg\" \/>\n<meta name=\"twitter:card\" content=\"summary_large_image\" \/>\n<meta name=\"twitter:label1\" content=\"Tempo estimado de leitura\" \/>\n\t<meta name=\"twitter:data1\" content=\"1 minuto\" \/>\n<script type=\"application\/ld+json\" class=\"yoast-schema-graph\">{\"@context\":\"https:\/\/schema.org\",\"@graph\":[{\"@type\":\"WebPage\",\"@id\":\"https:\/\/www.lisbonfivestars.pt\/pt-pt\/servicos-especiais\/\",\"url\":\"https:\/\/www.lisbonfivestars.pt\/pt-pt\/servicos-especiais\/\",\"name\":\"Five Stars | Servi\u00e7os Especiais\",\"isPartOf\":{\"@id\":\"https:\/\/www.lisbonfivestars.pt\/pt-pt\/#website\"},\"datePublished\":\"2023-02-10T13:54:09+00:00\",\"dateModified\":\"2025-04-14T13:56:39+00:00\",\"description\":\"Quer sejam pequenas ou grandes tarefas, na Five Stars a nossa equipa est\u00e1 sempre pronta a prestar uma s\u00e9rie de servi\u00e7os especiais: s\u00f3 tem de pedir.\",\"breadcrumb\":{\"@id\":\"https:\/\/www.lisbonfivestars.pt\/pt-pt\/servicos-especiais\/#breadcrumb\"},\"inLanguage\":\"pt-PT\",\"potentialAction\":[{\"@type\":\"ReadAction\",\"target\":[\"https:\/\/www.lisbonfivestars.pt\/pt-pt\/servicos-especiais\/\"]}]},{\"@type\":\"BreadcrumbList\",\"@id\":\"https:\/\/www.lisbonfivestars.pt\/pt-pt\/servicos-especiais\/#breadcrumb\",\"itemListElement\":[{\"@type\":\"ListItem\",\"position\":1,\"name\":\"Home\",\"item\":\"https:\/\/www.lisbonfivestars.pt\/pt-pt\/\"},{\"@type\":\"ListItem\",\"position\":2,\"name\":\"Servi\u00e7os Especiais\"}]},{\"@type\":\"WebSite\",\"@id\":\"https:\/\/www.lisbonfivestars.pt\/pt-pt\/#website\",\"url\":\"https:\/\/www.lisbonfivestars.pt\/pt-pt\/\",\"name\":\"Lisbon Five Stars\",\"description\":\"\",\"potentialAction\":[{\"@type\":\"SearchAction\",\"target\":{\"@type\":\"EntryPoint\",\"urlTemplate\":\"https:\/\/www.lisbonfivestars.pt\/pt-pt\/?s={search_term_string}\"},\"query-input\":{\"@type\":\"PropertyValueSpecification\",\"valueRequired\":true,\"valueName\":\"search_term_string\"}}],\"inLanguage\":\"pt-PT\"}]}<\/script>\n<!-- \/ Yoast SEO plugin. -->","yoast_head_json":{"title":"Five Stars | Servi\u00e7os Especiais","description":"Quer sejam pequenas ou grandes tarefas, na Five Stars a nossa equipa est\u00e1 sempre pronta a prestar uma s\u00e9rie de servi\u00e7os especiais: s\u00f3 tem de pedir.","robots":{"index":"index","follow":"follow","max-snippet":"max-snippet:-1","max-image-preview":"max-image-preview:large","max-video-preview":"max-video-preview:-1"},"canonical":"https:\/\/www.lisbonfivestars.pt\/pt-pt\/servicos-especiais\/","og_locale":"pt_PT","og_type":"article","og_title":"Five Stars | Servi\u00e7os Especiais","og_description":"Quer sejam pequenas ou grandes tarefas, na Five Stars a nossa equipa est\u00e1 sempre pronta a prestar uma s\u00e9rie de servi\u00e7os especiais: s\u00f3 tem de pedir.","og_url":"https:\/\/www.lisbonfivestars.pt\/pt-pt\/servicos-especiais\/","og_site_name":"Lisbon Five Stars","article_modified_time":"2025-04-14T13:56:39+00:00","og_image":[{"width":2200,"height":1200,"url":"https:\/\/www.lisbonfivestars.pt\/wp-content\/uploads\/sites\/518\/2023\/02\/Lisbon_Five_stars_baixa_gardens_slide.jpg","type":"image\/jpeg"}],"twitter_card":"summary_large_image","twitter_misc":{"Tempo estimado de leitura":"1 minuto"},"schema":{"@context":"https:\/\/schema.org","@graph":[{"@type":"WebPage","@id":"https:\/\/www.lisbonfivestars.pt\/pt-pt\/servicos-especiais\/","url":"https:\/\/www.lisbonfivestars.pt\/pt-pt\/servicos-especiais\/","name":"Five Stars | Servi\u00e7os Especiais","isPartOf":{"@id":"https:\/\/www.lisbonfivestars.pt\/pt-pt\/#website"},"datePublished":"2023-02-10T13:54:09+00:00","dateModified":"2025-04-14T13:56:39+00:00","description":"Quer sejam pequenas ou grandes tarefas, na Five Stars a nossa equipa est\u00e1 sempre pronta a prestar uma s\u00e9rie de servi\u00e7os especiais: s\u00f3 tem de pedir.","breadcrumb":{"@id":"https:\/\/www.lisbonfivestars.pt\/pt-pt\/servicos-especiais\/#breadcrumb"},"inLanguage":"pt-PT","potentialAction":[{"@type":"ReadAction","target":["https:\/\/www.lisbonfivestars.pt\/pt-pt\/servicos-especiais\/"]}]},{"@type":"BreadcrumbList","@id":"https:\/\/www.lisbonfivestars.pt\/pt-pt\/servicos-especiais\/#breadcrumb","itemListElement":[{"@type":"ListItem","position":1,"name":"Home","item":"https:\/\/www.lisbonfivestars.pt\/pt-pt\/"},{"@type":"ListItem","position":2,"name":"Servi\u00e7os Especiais"}]},{"@type":"WebSite","@id":"https:\/\/www.lisbonfivestars.pt\/pt-pt\/#website","url":"https:\/\/www.lisbonfivestars.pt\/pt-pt\/","name":"Lisbon Five Stars","description":"","potentialAction":[{"@type":"SearchAction","target":{"@type":"EntryPoint","urlTemplate":"https:\/\/www.lisbonfivestars.pt\/pt-pt\/?s={search_term_string}"},"query-input":{"@type":"PropertyValueSpecification","valueRequired":true,"valueName":"search_term_string"}}],"inLanguage":"pt-PT"}]}},"acf":[],"_links":{"self":[{"href":"https:\/\/www.lisbonfivestars.pt\/pt-pt\/wp-json\/wp\/v2\/pages\/629","targetHints":{"allow":["GET"]}}],"collection":[{"href":"https:\/\/www.lisbonfivestars.pt\/pt-pt\/wp-json\/wp\/v2\/pages"}],"about":[{"href":"https:\/\/www.lisbonfivestars.pt\/pt-pt\/wp-json\/wp\/v2\/types\/page"}],"author":[{"embeddable":true,"href":"https:\/\/www.lisbonfivestars.pt\/pt-pt\/wp-json\/wp\/v2\/users\/36"}],"replies":[{"embeddable":true,"href":"https:\/\/www.lisbonfivestars.pt\/pt-pt\/wp-json\/wp\/v2\/comments?post=629"}],"version-history":[{"count":0,"href":"https:\/\/www.lisbonfivestars.pt\/pt-pt\/wp-json\/wp\/v2\/pages\/629\/revisions"}],"wp:attachment":[{"href":"https:\/\/www.lisbonfivestars.pt\/pt-pt\/wp-json\/wp\/v2\/media?parent=629"}],"curies":[{"name":"wp","href":"https:\/\/api.w.org\/{rel}","templated":true}]}}