{"id":671,"date":"2023-03-23T09:39:50","date_gmt":"2023-03-23T09:39:50","guid":{"rendered":"https:\/\/lisbonfivestars.ms.decms.eu\/?page_id=671"},"modified":"2023-03-23T16:43:55","modified_gmt":"2023-03-23T16:43:55","slug":"investir-em-portugal","status":"publish","type":"page","link":"https:\/\/www.lisbonfivestars.pt\/pt-pt\/investir-em-portugal\/","title":{"rendered":"Investir em Portugal"},"content":{"rendered":"<p>Considerado um dos melhores pa\u00edses europeus para viver, estudar e trabalhar, Portugal orgulha-se de ter um \u00f3timo clima, uma gastronomia fant\u00e1stica, elevados padr\u00f5es de sa\u00fade, seguran\u00e7a e educa\u00e7\u00e3o. Est\u00e1 repleto de inova\u00e7\u00e3o e empreendedorismo, um cen\u00e1rio cultural vibrante e tem o melhor de v\u00e1rios mundos a curtas dist\u00e2ncias: cidades contempor\u00e2neas, paisagens rurais encantadoras, belas praias e montanhas maravilhosas.<\/p>\n<p>\u00c9 tamb\u00e9m um destino atrativo para excelentes investimentos imobili\u00e1rios e os edif\u00edcios Five Stars abrem orgulhosamente as suas portas para o receber calorosamente em Lisboa ou no Porto. Nos centros hist\u00f3ricos de ambas as cidades, encontrar\u00e1 propriedades de excel\u00eancia que foram reconstru\u00eddas e renovadas com a mais alta qualidade e design de interiores excecional. Mergulhados em tradi\u00e7\u00e3o e hist\u00f3ria, estes apartamentos foram concebidos para um estilo de vida moderno e empolgante, foram criados para inspirar e vivenciar novas hist\u00f3rias. As suas.<\/p>\n<p>Seja bem-vindo \u00e0 sua morada exclusiva em Portugal.<\/p>\n","protected":false},"excerpt":{"rendered":"<p>Considerado um dos melhores pa\u00edses europeus para viver, estudar e trabalhar, Portugal orgulha-se de ter um \u00f3timo clima, uma gastronomia fant\u00e1stica, elevados padr\u00f5es de sa\u00fade, seguran\u00e7a e educa\u00e7\u00e3o. Est\u00e1 repleto de inova\u00e7\u00e3o e empreendedorismo, um cen\u00e1rio cultural vibrante e tem o melhor de v\u00e1rios mundos a curtas dist\u00e2ncias: cidades contempor\u00e2neas, paisagens rurais encantadoras, belas praias [&hellip;]<\/p>\n","protected":false},"author":36,"featured_media":0,"parent":0,"menu_order":50,"comment_status":"closed","ping_status":"closed","template":"","meta":{"footnotes":""},"class_list":["post-671","page","type-page","status-publish","hentry"],"yoast_head":"<!-- This site is optimized with the Yoast SEO plugin v26.9 - https:\/\/yoast.com\/product\/yoast-seo-wordpress\/ -->\n<title>Five Stars | Comprar um apartamento premium<\/title>\n<meta name=\"description\" content=\"Interessado em comprar um apartamento em Lisboa ou no Porto? A Five Stars tem propriedades premium, todas renovadas com os mais altos padr\u00f5es de qualidade.\" \/>\n<meta name=\"robots\" content=\"index, follow, max-snippet:-1, max-image-preview:large, max-video-preview:-1\" \/>\n<link rel=\"canonical\" href=\"https:\/\/www.lisbonfivestars.pt\/pt-pt\/investir-em-portugal\/\" \/>\n<meta property=\"og:locale\" content=\"pt_PT\" \/>\n<meta property=\"og:type\" content=\"article\" \/>\n<meta property=\"og:title\" content=\"Five Stars | Comprar um apartamento premium\" \/>\n<meta property=\"og:description\" content=\"Interessado em comprar um apartamento em Lisboa ou no Porto? A Five Stars tem propriedades premium, todas renovadas com os mais altos padr\u00f5es de qualidade.\" \/>\n<meta property=\"og:url\" content=\"https:\/\/www.lisbonfivestars.pt\/pt-pt\/investir-em-portugal\/\" \/>\n<meta property=\"og:site_name\" content=\"Lisbon Five Stars\" \/>\n<meta property=\"article:modified_time\" content=\"2023-03-23T16:43:55+00:00\" \/>\n<meta property=\"og:image\" content=\"https:\/\/www.lisbonfivestars.pt\/wp-content\/uploads\/sites\/518\/2023\/02\/Lisbon_Five_stars_baixa_gardens_slide.jpg\" \/>\n\t<meta property=\"og:image:width\" content=\"2200\" \/>\n\t<meta property=\"og:image:height\" content=\"1200\" \/>\n\t<meta property=\"og:image:type\" content=\"image\/jpeg\" \/>\n<meta name=\"twitter:card\" content=\"summary_large_image\" \/>\n<meta name=\"twitter:label1\" content=\"Tempo estimado de leitura\" \/>\n\t<meta name=\"twitter:data1\" content=\"1 minuto\" \/>\n<script type=\"application\/ld+json\" class=\"yoast-schema-graph\">{\"@context\":\"https:\/\/schema.org\",\"@graph\":[{\"@type\":\"WebPage\",\"@id\":\"https:\/\/www.lisbonfivestars.pt\/pt-pt\/investir-em-portugal\/\",\"url\":\"https:\/\/www.lisbonfivestars.pt\/pt-pt\/investir-em-portugal\/\",\"name\":\"Five Stars | Comprar um apartamento premium\",\"isPartOf\":{\"@id\":\"https:\/\/www.lisbonfivestars.pt\/pt-pt\/#website\"},\"datePublished\":\"2023-03-23T09:39:50+00:00\",\"dateModified\":\"2023-03-23T16:43:55+00:00\",\"description\":\"Interessado em comprar um apartamento em Lisboa ou no Porto? A Five Stars tem propriedades premium, todas renovadas com os mais altos padr\u00f5es de qualidade.\",\"breadcrumb\":{\"@id\":\"https:\/\/www.lisbonfivestars.pt\/pt-pt\/investir-em-portugal\/#breadcrumb\"},\"inLanguage\":\"pt-PT\",\"potentialAction\":[{\"@type\":\"ReadAction\",\"target\":[\"https:\/\/www.lisbonfivestars.pt\/pt-pt\/investir-em-portugal\/\"]}]},{\"@type\":\"BreadcrumbList\",\"@id\":\"https:\/\/www.lisbonfivestars.pt\/pt-pt\/investir-em-portugal\/#breadcrumb\",\"itemListElement\":[{\"@type\":\"ListItem\",\"position\":1,\"name\":\"Home\",\"item\":\"https:\/\/www.lisbonfivestars.pt\/pt-pt\/\"},{\"@type\":\"ListItem\",\"position\":2,\"name\":\"Investir em Portugal\"}]},{\"@type\":\"WebSite\",\"@id\":\"https:\/\/www.lisbonfivestars.pt\/pt-pt\/#website\",\"url\":\"https:\/\/www.lisbonfivestars.pt\/pt-pt\/\",\"name\":\"Lisbon Five Stars\",\"description\":\"\",\"potentialAction\":[{\"@type\":\"SearchAction\",\"target\":{\"@type\":\"EntryPoint\",\"urlTemplate\":\"https:\/\/www.lisbonfivestars.pt\/pt-pt\/?s={search_term_string}\"},\"query-input\":{\"@type\":\"PropertyValueSpecification\",\"valueRequired\":true,\"valueName\":\"search_term_string\"}}],\"inLanguage\":\"pt-PT\"}]}<\/script>\n<!-- \/ Yoast SEO plugin. -->","yoast_head_json":{"title":"Five Stars | Comprar um apartamento premium","description":"Interessado em comprar um apartamento em Lisboa ou no Porto? A Five Stars tem propriedades premium, todas renovadas com os mais altos padr\u00f5es de qualidade.","robots":{"index":"index","follow":"follow","max-snippet":"max-snippet:-1","max-image-preview":"max-image-preview:large","max-video-preview":"max-video-preview:-1"},"canonical":"https:\/\/www.lisbonfivestars.pt\/pt-pt\/investir-em-portugal\/","og_locale":"pt_PT","og_type":"article","og_title":"Five Stars | Comprar um apartamento premium","og_description":"Interessado em comprar um apartamento em Lisboa ou no Porto? A Five Stars tem propriedades premium, todas renovadas com os mais altos padr\u00f5es de qualidade.","og_url":"https:\/\/www.lisbonfivestars.pt\/pt-pt\/investir-em-portugal\/","og_site_name":"Lisbon Five Stars","article_modified_time":"2023-03-23T16:43:55+00:00","og_image":[{"width":2200,"height":1200,"url":"https:\/\/www.lisbonfivestars.pt\/wp-content\/uploads\/sites\/518\/2023\/02\/Lisbon_Five_stars_baixa_gardens_slide.jpg","type":"image\/jpeg"}],"twitter_card":"summary_large_image","twitter_misc":{"Tempo estimado de leitura":"1 minuto"},"schema":{"@context":"https:\/\/schema.org","@graph":[{"@type":"WebPage","@id":"https:\/\/www.lisbonfivestars.pt\/pt-pt\/investir-em-portugal\/","url":"https:\/\/www.lisbonfivestars.pt\/pt-pt\/investir-em-portugal\/","name":"Five Stars | Comprar um apartamento premium","isPartOf":{"@id":"https:\/\/www.lisbonfivestars.pt\/pt-pt\/#website"},"datePublished":"2023-03-23T09:39:50+00:00","dateModified":"2023-03-23T16:43:55+00:00","description":"Interessado em comprar um apartamento em Lisboa ou no Porto? A Five Stars tem propriedades premium, todas renovadas com os mais altos padr\u00f5es de qualidade.","breadcrumb":{"@id":"https:\/\/www.lisbonfivestars.pt\/pt-pt\/investir-em-portugal\/#breadcrumb"},"inLanguage":"pt-PT","potentialAction":[{"@type":"ReadAction","target":["https:\/\/www.lisbonfivestars.pt\/pt-pt\/investir-em-portugal\/"]}]},{"@type":"BreadcrumbList","@id":"https:\/\/www.lisbonfivestars.pt\/pt-pt\/investir-em-portugal\/#breadcrumb","itemListElement":[{"@type":"ListItem","position":1,"name":"Home","item":"https:\/\/www.lisbonfivestars.pt\/pt-pt\/"},{"@type":"ListItem","position":2,"name":"Investir em Portugal"}]},{"@type":"WebSite","@id":"https:\/\/www.lisbonfivestars.pt\/pt-pt\/#website","url":"https:\/\/www.lisbonfivestars.pt\/pt-pt\/","name":"Lisbon Five Stars","description":"","potentialAction":[{"@type":"SearchAction","target":{"@type":"EntryPoint","urlTemplate":"https:\/\/www.lisbonfivestars.pt\/pt-pt\/?s={search_term_string}"},"query-input":{"@type":"PropertyValueSpecification","valueRequired":true,"valueName":"search_term_string"}}],"inLanguage":"pt-PT"}]}},"acf":[],"_links":{"self":[{"href":"https:\/\/www.lisbonfivestars.pt\/pt-pt\/wp-json\/wp\/v2\/pages\/671","targetHints":{"allow":["GET"]}}],"collection":[{"href":"https:\/\/www.lisbonfivestars.pt\/pt-pt\/wp-json\/wp\/v2\/pages"}],"about":[{"href":"https:\/\/www.lisbonfivestars.pt\/pt-pt\/wp-json\/wp\/v2\/types\/page"}],"author":[{"embeddable":true,"href":"https:\/\/www.lisbonfivestars.pt\/pt-pt\/wp-json\/wp\/v2\/users\/36"}],"replies":[{"embeddable":true,"href":"https:\/\/www.lisbonfivestars.pt\/pt-pt\/wp-json\/wp\/v2\/comments?post=671"}],"version-history":[{"count":0,"href":"https:\/\/www.lisbonfivestars.pt\/pt-pt\/wp-json\/wp\/v2\/pages\/671\/revisions"}],"wp:attachment":[{"href":"https:\/\/www.lisbonfivestars.pt\/pt-pt\/wp-json\/wp\/v2\/media?parent=671"}],"curies":[{"name":"wp","href":"https:\/\/api.w.org\/{rel}","templated":true}]}}